{"id":1415,"date":"2020-07-27T22:07:19","date_gmt":"2020-07-27T20:07:19","guid":{"rendered":"https:\/\/www.logopak.si\/?page_id=1415"},"modified":"2020-07-27T22:08:42","modified_gmt":"2020-07-27T20:08:42","slug":"pakovanje-u-kese","status":"publish","type":"page","link":"https:\/\/www.logopak.si\/sr\/prodajni-program\/rezanje-i-pakovanje\/pakovanje-u-kese\/","title":{"rendered":"Pakovanje u kese"},"content":{"rendered":"<p>[et_pb_section fb_built=&#8220;1&#8243; _builder_version=&#8220;4.4.1&#8243; use_background_color_gradient=&#8220;on&#8220; background_color_gradient_start=&#8220;#eeeeee&#8220; background_color_gradient_end=&#8220;#ffffff&#8220; background_image=&#8220;https:\/\/www.logopak.si\/wp-content\/uploads\/title-back32.png&#8220; background_size=&#8220;contain&#8220; background_position=&#8220;top_right&#8220; custom_padding=&#8220;||45px|||&#8220; saved_tabs=&#8220;all&#8220;][et_pb_row column_structure=&#8220;3_5,2_5&#8243; _builder_version=&#8220;4.4.1&#8243; custom_padding=&#8220;49px||0px||false|false&#8220;][et_pb_column type=&#8220;3_5&#8243; _builder_version=&#8220;4.4.1&#8243;][et_pb_post_title meta=&#8220;off&#8220; featured_image=&#8220;off&#8220; _builder_version=&#8220;4.4.1&#8243; title_font_size=&#8220;32px&#8220; custom_margin=&#8220;||7px||false|false&#8220;][\/et_pb_post_title][et_pb_divider divider_weight=&#8220;4px&#8220; _builder_version=&#8220;4.4.1&#8243; width=&#8220;100px&#8220; custom_margin=&#8220;||0px||false|false&#8220; animation_style=&#8220;slide&#8220; animation_direction=&#8220;right&#8220; animation_intensity_slide=&#8220;39%&#8220;][\/et_pb_divider][et_pb_image src=&#8220;https:\/\/www.logopak.si\/wp-content\/uploads\/hoa-logo-1.png&#8220; url=&#8220;http:\/\/hoba.ws\/en\/&#8220; url_new_window=&#8220;on&#8220; _builder_version=&#8220;4.4.2&#8243;][\/et_pb_image][\/et_pb_column][et_pb_column type=&#8220;2_5&#8243; _builder_version=&#8220;4.4.1&#8243;][\/et_pb_column][\/et_pb_row][\/et_pb_section][et_pb_section fb_built=&#8220;1&#8243; _builder_version=&#8220;4.4.1&#8243; custom_padding=&#8220;19px||22px||false|false&#8220;][et_pb_row column_structure=&#8220;2_3,1_3&#8243; make_equal=&#8220;on&#8220; admin_label=&#8220;row&#8220; _builder_version=&#8220;4.4.2&#8243; background_enable_image=&#8220;off&#8220; background_size=&#8220;initial&#8220; custom_padding=&#8220;37px||37px||true|false&#8220; border_width_bottom=&#8220;1px&#8220; border_color_bottom=&#8220;#dddddd&#8220;][et_pb_column type=&#8220;2_3&#8243; module_class=&#8220;ds-vertical-align&#8220; _builder_version=&#8220;4.4.2&#8243; custom_padding=&#8220;|||&#8220; custom_padding__hover=&#8220;|||&#8220;][et_pb_text _builder_version=&#8220;4.4.8&#8243; header_2_font=&#8220;|||on|||||&#8220; hover_enabled=&#8220;0&#8243;]<\/p>\n<h2>POLAUTOMATSKO PAKOVANJE<\/h2>\n<ul>\n<li>Otvara\u010d kesa HBB<\/li>\n<li>Kombinacija sa klips ma\u0161inom (klipserica) HPL20<\/li>\n<\/ul>\n<p>[\/et_pb_text][\/et_pb_column][et_pb_column type=&#8220;1_3&#8243; module_class=&#8220;ds-vertical-align&#8220; _builder_version=&#8220;4.4.2&#8243; custom_padding=&#8220;|||&#8220; custom_padding__hover=&#8220;|||&#8220;][et_pb_image src=&#8220;https:\/\/www.logopak.si\/wp-content\/uploads\/hoba5.jpg&#8220; _builder_version=&#8220;4.4.2&#8243;][\/et_pb_image][\/et_pb_column][\/et_pb_row][et_pb_row column_structure=&#8220;2_3,1_3&#8243; make_equal=&#8220;on&#8220; admin_label=&#8220;row&#8220; _builder_version=&#8220;4.4.2&#8243; background_enable_image=&#8220;off&#8220; background_size=&#8220;initial&#8220; custom_margin=&#8220;47px|auto||auto||&#8220; custom_padding=&#8220;17px||17px||true|false&#8220;][et_pb_column type=&#8220;2_3&#8243; module_class=&#8220;ds-vertical-align&#8220; _builder_version=&#8220;4.4.2&#8243; custom_padding=&#8220;|||&#8220; custom_padding__hover=&#8220;|||&#8220;][et_pb_text _builder_version=&#8220;4.4.8&#8243; header_2_font=&#8220;|||on|||||&#8220; hover_enabled=&#8220;0&#8243;]<\/p>\n<h2>AUTOMATSKO PAKOVANJE<\/h2>\n<ul>\n<li>HBS model sa sistemom \u010detiri potiskiva\u010da<\/li>\n<li>Pogodan za povezivanje sa ma\u0161inom za se\u010denje i klips ma\u0161inom<\/li>\n<li>Visokokvalitetna ma\u0161ina, pogodna za pakovanje se\u010denih i nese\u010denih hlebova u kese<\/li>\n<li>Kompaktna ma\u0161ina sa jednostavnim rukovanjem, sa minimalnim odr\u017eavanjem<\/li>\n<li>Kapacitet: do 3.000 kom\/\u010das<\/li>\n<li>Dostupna u levoj i desnoj verziji<\/li>\n<li>Sve mehani\u010dke promene su napravljene pomo\u0107u to\u010dkova i indikatora<\/li>\n<li>Foto\u0107elija za kontrolu zadnje kese i kontrolu otvorenosti\/zatvorenosti kese<\/li>\n<li>Inverter za sinhronizaciju brzine celokupne linije<\/li>\n<li>Automatska regulacija radne visine kese<\/li>\n<li>Tabla osetljiva na dodir za pode\u0161avanje parametara i prikazivanje alarma i drugih informacija<\/li>\n<\/ul>\n<p>[\/et_pb_text][\/et_pb_column][et_pb_column type=&#8220;1_3&#8243; module_class=&#8220;ds-vertical-align&#8220; _builder_version=&#8220;4.4.2&#8243; custom_padding=&#8220;|||&#8220; custom_padding__hover=&#8220;|||&#8220;][et_pb_image src=&#8220;https:\/\/www.logopak.si\/wp-content\/uploads\/hoba6.jpg&#8220; _builder_version=&#8220;4.4.2&#8243;][\/et_pb_image][et_pb_image src=&#8220;https:\/\/www.logopak.si\/wp-content\/uploads\/hoba7.jpg&#8220; _builder_version=&#8220;4.4.2&#8243;][\/et_pb_image][\/et_pb_column][\/et_pb_row][\/et_pb_section]<\/p>\n","protected":false},"excerpt":{"rendered":"<p>POLAUTOMATSKO PAKOVANJE Otvara\u010d kesa HBB Kombinacija sa klips ma\u0161inom (klipserica) HPL20 AUTOMATSKO PAKOVANJE HBS model sa sistemom \u010detiri potiskiva\u010da Pogodan za povezivanje sa ma\u0161inom za se\u010denje i klips ma\u0161inom Visokokvalitetna ma\u0161ina, pogodna za pakovanje se\u010denih i nese\u010denih hlebova u kese Kompaktna ma\u0161ina sa jednostavnim rukovanjem, sa minimalnim odr\u017eavanjem Kapacitet: do 3.000 kom\/\u010das Dostupna u levoj [&hellip;]<\/p>\n","protected":false},"author":1,"featured_media":0,"parent":1411,"menu_order":0,"comment_status":"closed","ping_status":"closed","template":"","meta":{"_seopress_robots_primary_cat":"","_seopress_titles_title":"","_seopress_titles_desc":"","_seopress_robots_index":"","_et_pb_use_builder":"on","_et_pb_old_content":"","_et_gb_content_width":"","footnotes":""},"class_list":["post-1415","page","type-page","status-publish","hentry"],"_links":{"self":[{"href":"https:\/\/www.logopak.si\/sr\/wp-json\/wp\/v2\/pages\/1415","targetHints":{"allow":["GET"]}}],"collection":[{"href":"https:\/\/www.logopak.si\/sr\/wp-json\/wp\/v2\/pages"}],"about":[{"href":"https:\/\/www.logopak.si\/sr\/wp-json\/wp\/v2\/types\/page"}],"author":[{"embeddable":true,"href":"https:\/\/www.logopak.si\/sr\/wp-json\/wp\/v2\/users\/1"}],"replies":[{"embeddable":true,"href":"https:\/\/www.logopak.si\/sr\/wp-json\/wp\/v2\/comments?post=1415"}],"version-history":[{"count":2,"href":"https:\/\/www.logopak.si\/sr\/wp-json\/wp\/v2\/pages\/1415\/revisions"}],"predecessor-version":[{"id":1418,"href":"https:\/\/www.logopak.si\/sr\/wp-json\/wp\/v2\/pages\/1415\/revisions\/1418"}],"up":[{"embeddable":true,"href":"https:\/\/www.logopak.si\/sr\/wp-json\/wp\/v2\/pages\/1411"}],"wp:attachment":[{"href":"https:\/\/www.logopak.si\/sr\/wp-json\/wp\/v2\/media?parent=1415"}],"curies":[{"name":"wp","href":"https:\/\/api.w.org\/{rel}","templated":true}]}}