{"id":1402,"date":"2020-07-27T21:54:26","date_gmt":"2020-07-27T19:54:26","guid":{"rendered":"https:\/\/www.logopak.si\/?page_id=1402"},"modified":"2020-07-27T22:00:42","modified_gmt":"2020-07-27T20:00:42","slug":"vertikalno-pakovanje","status":"publish","type":"page","link":"https:\/\/www.logopak.si\/sr\/prodajni-program\/flow-pack-pakovanje\/vertikalno-pakovanje\/","title":{"rendered":"Vertikalno pakovanje"},"content":{"rendered":"<p>[et_pb_section fb_built=&#8220;1&#8243; _builder_version=&#8220;4.4.1&#8243; use_background_color_gradient=&#8220;on&#8220; background_color_gradient_start=&#8220;#eeeeee&#8220; background_color_gradient_end=&#8220;#ffffff&#8220; background_image=&#8220;https:\/\/www.logopak.si\/wp-content\/uploads\/title-back32.png&#8220; background_size=&#8220;contain&#8220; background_position=&#8220;top_right&#8220; custom_padding=&#8220;||45px|||&#8220; saved_tabs=&#8220;all&#8220;][et_pb_row column_structure=&#8220;3_5,2_5&#8243; _builder_version=&#8220;4.4.1&#8243; custom_padding=&#8220;49px||0px||false|false&#8220;][et_pb_column type=&#8220;3_5&#8243; _builder_version=&#8220;4.4.1&#8243;][et_pb_post_title meta=&#8220;off&#8220; featured_image=&#8220;off&#8220; _builder_version=&#8220;4.4.1&#8243; title_font_size=&#8220;32px&#8220; custom_margin=&#8220;||7px||false|false&#8220;][\/et_pb_post_title][et_pb_divider divider_weight=&#8220;4px&#8220; _builder_version=&#8220;4.4.1&#8243; width=&#8220;100px&#8220; custom_margin=&#8220;||0px||false|false&#8220; animation_style=&#8220;slide&#8220; animation_direction=&#8220;right&#8220; animation_intensity_slide=&#8220;39%&#8220;][\/et_pb_divider][\/et_pb_column][et_pb_column type=&#8220;2_5&#8243; _builder_version=&#8220;4.4.1&#8243;][\/et_pb_column][\/et_pb_row][et_pb_row column_structure=&#8220;1_6,1_6,1_6,1_6,1_6,1_6&#8243; make_equal=&#8220;on&#8220; _builder_version=&#8220;4.4.2&#8243;][et_pb_column type=&#8220;1_6&#8243; module_class=&#8220;ds-vertical-align&#8220; _builder_version=&#8220;4.4.2&#8243;][et_pb_image src=&#8220;https:\/\/www.logopak.si\/wp-content\/uploads\/pfm-logo-200.png&#8220; url=&#8220;https:\/\/www.pfm.it\/en\/&#8220; url_new_window=&#8220;on&#8220; _builder_version=&#8220;4.4.2&#8243;][\/et_pb_image][\/et_pb_column][et_pb_column type=&#8220;1_6&#8243; module_class=&#8220;ds-vertical-align&#8220; _builder_version=&#8220;4.4.2&#8243;][et_pb_image src=&#8220;https:\/\/www.logopak.si\/wp-content\/uploads\/SPS_logo.png&#8220; url=&#8220;https:\/\/www.spspack.com\/en\/&#8220; url_new_window=&#8220;on&#8220; _builder_version=&#8220;4.4.2&#8243;][\/et_pb_image][\/et_pb_column][et_pb_column type=&#8220;1_6&#8243; module_class=&#8220;ds-vertical-align&#8220; _builder_version=&#8220;4.4.2&#8243;][et_pb_image src=&#8220;https:\/\/www.logopak.si\/wp-content\/uploads\/MBP_logo.png&#8220; url=&#8220;https:\/\/www.mbp.it\/en\/&#8220; url_new_window=&#8220;on&#8220; _builder_version=&#8220;4.4.2&#8243;][\/et_pb_image][\/et_pb_column][et_pb_column type=&#8220;1_6&#8243; module_class=&#8220;ds-vertical-align&#8220; _builder_version=&#8220;4.4.2&#8243;][et_pb_image src=&#8220;https:\/\/www.logopak.si\/wp-content\/uploads\/logo-bgpack-200px.png&#8220; url=&#8220;https:\/\/www.bgpack.it\/en\/&#8220; url_new_window=&#8220;on&#8220; _builder_version=&#8220;4.4.2&#8243;][\/et_pb_image][\/et_pb_column][et_pb_column type=&#8220;1_6&#8243; _builder_version=&#8220;4.4.2&#8243;][\/et_pb_column][et_pb_column type=&#8220;1_6&#8243; _builder_version=&#8220;4.4.2&#8243;][\/et_pb_column][\/et_pb_row][\/et_pb_section][et_pb_section fb_built=&#8220;1&#8243; _builder_version=&#8220;4.4.1&#8243; custom_padding=&#8220;92px||22px||false|false&#8220;][et_pb_row column_structure=&#8220;2_3,1_3&#8243; make_equal=&#8220;on&#8220; admin_label=&#8220;row&#8220; _builder_version=&#8220;4.4.2&#8243; background_enable_image=&#8220;off&#8220; background_size=&#8220;initial&#8220; custom_padding=&#8220;17px||17px||true|false&#8220; border_width_bottom=&#8220;1px&#8220; border_color_bottom=&#8220;#dddddd&#8220;][et_pb_column type=&#8220;2_3&#8243; module_class=&#8220;ds-vertical-align&#8220; _builder_version=&#8220;4.4.2&#8243; custom_padding=&#8220;|||&#8220; custom_padding__hover=&#8220;|||&#8220;][et_pb_text _builder_version=&#8220;4.4.8&#8243; hover_enabled=&#8220;0&#8243;]<\/p>\n<h2>ZENITH<\/h2>\n<p>Ma\u0161ina za vertikalno pakovanje sa elektronskim pogonom sa servo motorima, pogodna za vertikalno pakovanje proizvoda u termoskupljaju\u0107u foliju.<\/p>\n<ul>\n<li>Ma\u0161ina za vertikalno pakovanje pogodna za sve tipove kesa: pillow, block bottom, steelo<\/li>\n<li>Moderan dizajn ma\u0161ine, metalni okvir (opcija od ner\u0111ajuc\u0301eg \u010delika &#8211; inoksa)<\/li>\n<li>Ergonomski dizajn ma\u0161ine sa brzo dostupnim glavnim delovima; jednostavno \u010di\u0161\u0107enje i odr\u017eavanje ma\u0161ine<\/li>\n<li>\u0160irina folije: do 500 mm<\/li>\n<li>Svi delovi ma\u0161ina u kontaktu sa proizvodima su izra\u0111eni od ner\u0111aju\u0107eg \u010delika (inoks) ili plasti\u010dnog materijala (potvr\u0111eno od strane FDA)<\/li>\n<li>Foto\u0107elija i enkoder za kontrolu du\u017eine kesa<\/li>\n<li>Foto\u0107elija za centriranje \u0161tampane folije<\/li>\n<li>Du\u017eina kese: do 350 mm<\/li>\n<li>Vertikalno (uzdu\u017eno) zavarivanje uz pomo\u0107 pneumatske zavariva\u010dke jedinice<\/li>\n<li>Popre\u010dno zavarivanje uz pomoc\u0301 dve zavariva\u010dke \u010deljusti, pneumatsko vo\u0111enje<\/li>\n<li>Mehani\u010dki kapacitet: do 60 kom\/min; zavisi od dimenzija kese i vrste\/kvaliteta folije<\/li>\n<li>Tri elektronske kontrole temperature zavariva\u010dkih jedinica, lako pode\u0161avanje<\/li>\n<li>Mogu\u0107nost \u010duvanja: do 25 programa za pakovanje<\/li>\n<li>Servo pogonska ma\u0161ina<\/li>\n<li>Kontrolna tabla sa ekranom osetljivim na dodir<\/li>\n<\/ul>\n<p>[\/et_pb_text][\/et_pb_column][et_pb_column type=&#8220;1_3&#8243; module_class=&#8220;ds-vertical-align&#8220; _builder_version=&#8220;4.4.2&#8243; custom_padding=&#8220;|||&#8220; custom_padding__hover=&#8220;|||&#8220;][et_pb_image src=&#8220;https:\/\/www.logopak.si\/wp-content\/uploads\/pfm11.jpg&#8220; _builder_version=&#8220;4.4.2&#8243;][\/et_pb_image][\/et_pb_column][\/et_pb_row][et_pb_row column_structure=&#8220;2_3,1_3&#8243; make_equal=&#8220;on&#8220; admin_label=&#8220;row&#8220; _builder_version=&#8220;4.4.2&#8243; background_enable_image=&#8220;off&#8220; background_size=&#8220;initial&#8220; custom_padding=&#8220;34px||34px||false|false&#8220; border_width_bottom=&#8220;1px&#8220; border_color_bottom=&#8220;#dddddd&#8220;][et_pb_column type=&#8220;2_3&#8243; module_class=&#8220;ds-vertical-align&#8220; _builder_version=&#8220;4.4.2&#8243; custom_padding=&#8220;|||&#8220; custom_padding__hover=&#8220;|||&#8220;][et_pb_text _builder_version=&#8220;4.4.8&#8243; hover_enabled=&#8220;0&#8243;]<\/p>\n<h2>AZIMUTH EVO<\/h2>\n<p>Ma\u0161ina za vertikalno pakovanje sa elektronskim pogonom sa servo motorima, pogodna za vertikalno pakovanje proizvoda u kese tipa pillow i steelo.<\/p>\n<ul>\n<li>Ma\u0161ina za vertikalno pakovanje pogodna za tipove kesa: pillow, block bottom<\/li>\n<li>Pogodno za pakovanje zrnastih proizvoda (\u010dips\/mrvice, bomboni i mnogi drugi) u kombinaciji sa vagama sa vi\u0161e glava i volumetrijskim sistemima za doziranje<\/li>\n<li>Sistem \u201estalno vreme zaptivanja\u201d obezbe\u0111uje potpuno zaptivanje i ako se promeni brzina proizvodnje<\/li>\n<li>Motorni sistem dr\u017ea\u010da koluta, koji u kombinaciji sa elektronskim upravljanjem pokretnog tzv. \u201eplesnog\u201d valjka obezbe\u0111uje konstantno i optimalno vu\u010denje folije<\/li>\n<\/ul>\n<p>[\/et_pb_text][\/et_pb_column][et_pb_column type=&#8220;1_3&#8243; module_class=&#8220;ds-vertical-align&#8220; _builder_version=&#8220;4.4.2&#8243; custom_padding=&#8220;|||&#8220; custom_padding__hover=&#8220;|||&#8220;][et_pb_image src=&#8220;https:\/\/www.logopak.si\/wp-content\/uploads\/pfm12.jpg&#8220; _builder_version=&#8220;4.4.2&#8243;][\/et_pb_image][\/et_pb_column][\/et_pb_row][et_pb_row column_structure=&#8220;2_3,1_3&#8243; make_equal=&#8220;on&#8220; admin_label=&#8220;row&#8220; _builder_version=&#8220;4.4.2&#8243; background_enable_image=&#8220;off&#8220; background_size=&#8220;initial&#8220; custom_padding=&#8220;39px||39px||true|false&#8220; border_width_bottom=&#8220;1px&#8220; border_color_bottom=&#8220;#dddddd&#8220;][et_pb_column type=&#8220;2_3&#8243; module_class=&#8220;ds-vertical-align&#8220; _builder_version=&#8220;4.4.2&#8243; custom_padding=&#8220;|||&#8220; custom_padding__hover=&#8220;|||&#8220;][et_pb_text _builder_version=&#8220;4.4.8&#8243; hover_enabled=&#8220;0&#8243;]<\/p>\n<h2>COMET<\/h2>\n<ul>\n<li>Ma\u0161ina za vertikalno pakovanje pogodna za tipove kesa: pillow, block bottom<\/li>\n<li>Ergonomski dizajn ma\u0161ine sa brzo dostupnim glavnim delovima; jednostavno \u010di\u0161\u0107enje i odr\u017eavanje ma\u0161ine<\/li>\n<li>Maks. \u0161irina folije: 400 mm <\/li>\n<li>Tip kese Pillow<\/li>\n<li>Vakuumske vu\u010dne trake<\/li>\n<li>Pode\u0161avanje du\u017eine kese pomoc\u0301u motora bez \u010detkica<\/li>\n<li>Kontinuirani rad ma\u0161ine<\/li>\n<li>Sistem popre\u010dnog zavarivanja Long Dwell, koji obezbe\u0111uje vrhunski var pri velikim brzinama<\/li>\n<li>Foto\u0107elija za centriranje \u0161tampane folije<\/li>\n<li>Svi delovi ma\u0161ina u kontaktu sa proizvodima su izra\u0111eni od ner\u0111aju\u0107eg \u010delika (inoks) ili plasti\u010dnog materijala (potvr\u0111eno od strane FDA)<\/li>\n<li>Foto\u0107elija i enkoder za kontrolu du\u017eine kesa<\/li>\n<li>Kontinuirano uzdu\u017eno zavarivanje teflonskom letvom za zavarivanje<\/li>\n<li>Maks. brzina: 180 kom\/min<\/li>\n<li>Tri elektronske kontrole temperature zavariva\u010dkih jedinica, lako pode\u0161avanje<\/li>\n<li>Mogu\u0107nost \u010duvanja: do 25 programa za pakovanje<\/li>\n<li>Servo pogonska ma\u0161ina<\/li>\n<li>Kontrolna tabla sa ekranom osetljivim na dodir + PLC kontroler Siemens<\/li>\n<\/ul>\n<p>[\/et_pb_text][\/et_pb_column][et_pb_column type=&#8220;1_3&#8243; module_class=&#8220;ds-vertical-align&#8220; _builder_version=&#8220;4.4.2&#8243; custom_padding=&#8220;|||&#8220; custom_padding__hover=&#8220;|||&#8220;][et_pb_image src=&#8220;https:\/\/www.logopak.si\/wp-content\/uploads\/pfm13.jpg&#8220; _builder_version=&#8220;4.4.2&#8243;][\/et_pb_image][\/et_pb_column][\/et_pb_row][et_pb_row column_structure=&#8220;2_3,1_3&#8243; make_equal=&#8220;on&#8220; admin_label=&#8220;row&#8220; _builder_version=&#8220;4.4.2&#8243; background_enable_image=&#8220;off&#8220; background_size=&#8220;initial&#8220; custom_padding=&#8220;37px||37px||true|false&#8220; border_width_bottom=&#8220;1px&#8220; border_color_bottom=&#8220;#dddddd&#8220;][et_pb_column type=&#8220;2_3&#8243; module_class=&#8220;ds-vertical-align&#8220; _builder_version=&#8220;4.4.2&#8243; custom_padding=&#8220;|||&#8220; custom_padding__hover=&#8220;|||&#8220;][et_pb_text _builder_version=&#8220;4.4.8&#8243; hover_enabled=&#8220;0&#8243;]<\/p>\n<h2>R700<\/h2>\n<p>Ma\u0161ina za vertikalno pakovanje sa elektronskim pogonom sa servo motorima, pogodna za vertikalno pakovanje proizvoda u termoskupljaju\u0107u foliju.<\/p>\n<ul>\n<li>Ma\u0161ina za vertikalno pakovanje pogodna za tipove kesa: pillow, block bottom, steelo<\/li>\n<li>Moderan dizajn ma\u0161ine, okvir od ner\u0111ajuc\u0301eg \u010delika (inoks)<\/li>\n<li>Automatska centralizacija koluta folije, standardni nosa\u010d za jedan kolut folije, \u0161irina folije: do 700 mm<\/li>\n<li>Mehani\u010dki kapacitet: najvi\u0161e do 80 kom\/min<\/li>\n<li>Minimalno trenje folije na vo\u0111icama, kontinuirano odmotavanje folije, brzo vu\u0107enje folije uz pomoc\u0301 motora bez \u010detkica i vakuumskih bo\u010dnih traka<\/li>\n<li>Uzdu\u017eno zavarivanje u vi\u0161e koraka uz pomoc\u0301 pneumatske letve za zavarivanje <\/li>\n<li>Popre\u010dno zavarivanje u vi\u0161e koraka<\/li>\n<li>Ergonomski dizajn ma\u0161ine sa brzo dostupnim glavnim delovima; jednostavno \u010di\u0161\u0107enje i odr\u017eavanje ma\u0161ine<\/li>\n<li>Svi delovi ma\u0161ine u kontaktu sa proizvodima su izra\u0111eni od ner\u0111ajuc\u0301eg \u010delika (inoks)<\/li>\n<li>Vakuumske vu\u010dne trake za foliju<\/li>\n<li>Tehni\u010dke specifikacije:<\/li>\n<li style=\"margin-left: 40px;\">Maks. \u0161irina folije: 700 mm<\/li>\n<li style=\"margin-left: 40px;\">Maks. promer oblikovanog tunela: 200 mm<\/li>\n<li style=\"margin-left: 40px;\">\u0160irina zavariva\u010dkih \u010deljusti: 350 mm<\/li>\n<li style=\"margin-left: 40px;\">Pogon folije: 2x motor bez \u010detkica<\/li>\n<li style=\"margin-left: 40px;\">Popre\u010dno zavarivanje: 1x motor bez \u010detkica<\/li>\n<li style=\"margin-left: 40px;\">Vertikalno zavarivanje: pneumatsko<\/li>\n<li style=\"margin-left: 40px;\">Kapacitet: do 80 kom\/min, zavisno od specifikacije proizvoda i folije<\/li>\n<\/ul>\n<p>[\/et_pb_text][\/et_pb_column][et_pb_column type=&#8220;1_3&#8243; module_class=&#8220;ds-vertical-align&#8220; _builder_version=&#8220;4.4.2&#8243; custom_padding=&#8220;|||&#8220; custom_padding__hover=&#8220;|||&#8220;][et_pb_image src=&#8220;https:\/\/www.logopak.si\/wp-content\/uploads\/pfm14.jpg&#8220; _builder_version=&#8220;4.4.2&#8243;][\/et_pb_image][\/et_pb_column][\/et_pb_row][et_pb_row column_structure=&#8220;2_3,1_3&#8243; make_equal=&#8220;on&#8220; admin_label=&#8220;row&#8220; _builder_version=&#8220;4.4.2&#8243; background_enable_image=&#8220;off&#8220; background_size=&#8220;initial&#8220; custom_padding=&#8220;40px||33px||false|false&#8220; border_color_bottom=&#8220;#dddddd&#8220;][et_pb_column type=&#8220;2_3&#8243; module_class=&#8220;ds-vertical-align&#8220; _builder_version=&#8220;4.4.2&#8243; custom_padding=&#8220;|||&#8220; custom_padding__hover=&#8220;|||&#8220;][et_pb_text _builder_version=&#8220;4.4.8&#8243; hover_enabled=&#8220;0&#8243;]<\/p>\n<h2>VETTA<\/h2>\n<ul>\n<li>Specijalna ma\u0161ina za vertikalno pakovanje pogodna za tipove kesa: pillow, block bottom, steelo, doypack<\/li>\n<li>Mogu\u0107nost dodavanja zip zatvaranja<\/li>\n<\/ul>\n<p>[\/et_pb_text][\/et_pb_column][et_pb_column type=&#8220;1_3&#8243; module_class=&#8220;ds-vertical-align&#8220; _builder_version=&#8220;4.4.2&#8243; custom_padding=&#8220;|||&#8220; custom_padding__hover=&#8220;|||&#8220;][et_pb_image src=&#8220;https:\/\/www.logopak.si\/wp-content\/uploads\/pfm15.jpg&#8220; _builder_version=&#8220;4.4.2&#8243;][\/et_pb_image][\/et_pb_column][\/et_pb_row][\/et_pb_section]<\/p>\n","protected":false},"excerpt":{"rendered":"<p>ZENITH Ma\u0161ina za vertikalno pakovanje sa elektronskim pogonom sa servo motorima, pogodna za vertikalno pakovanje proizvoda u termoskupljaju\u0107u foliju. Ma\u0161ina za vertikalno pakovanje pogodna za sve tipove kesa: pillow, block bottom, steelo Moderan dizajn ma\u0161ine, metalni okvir (opcija od ner\u0111ajuc\u0301eg \u010delika &#8211; inoksa) Ergonomski dizajn ma\u0161ine sa brzo dostupnim glavnim delovima; jednostavno \u010di\u0161\u0107enje i odr\u017eavanje [&hellip;]<\/p>\n","protected":false},"author":1,"featured_media":0,"parent":1390,"menu_order":0,"comment_status":"closed","ping_status":"closed","template":"","meta":{"_seopress_robots_primary_cat":"","_seopress_titles_title":"","_seopress_titles_desc":"","_seopress_robots_index":"","_et_pb_use_builder":"on","_et_pb_old_content":"","_et_gb_content_width":"","footnotes":""},"class_list":["post-1402","page","type-page","status-publish","hentry"],"_links":{"self":[{"href":"https:\/\/www.logopak.si\/sr\/wp-json\/wp\/v2\/pages\/1402","targetHints":{"allow":["GET"]}}],"collection":[{"href":"https:\/\/www.logopak.si\/sr\/wp-json\/wp\/v2\/pages"}],"about":[{"href":"https:\/\/www.logopak.si\/sr\/wp-json\/wp\/v2\/types\/page"}],"author":[{"embeddable":true,"href":"https:\/\/www.logopak.si\/sr\/wp-json\/wp\/v2\/users\/1"}],"replies":[{"embeddable":true,"href":"https:\/\/www.logopak.si\/sr\/wp-json\/wp\/v2\/comments?post=1402"}],"version-history":[{"count":2,"href":"https:\/\/www.logopak.si\/sr\/wp-json\/wp\/v2\/pages\/1402\/revisions"}],"predecessor-version":[{"id":1405,"href":"https:\/\/www.logopak.si\/sr\/wp-json\/wp\/v2\/pages\/1402\/revisions\/1405"}],"up":[{"embeddable":true,"href":"https:\/\/www.logopak.si\/sr\/wp-json\/wp\/v2\/pages\/1390"}],"wp:attachment":[{"href":"https:\/\/www.logopak.si\/sr\/wp-json\/wp\/v2\/media?parent=1402"}],"curies":[{"name":"wp","href":"https:\/\/api.w.org\/{rel}","templated":true}]}}