{"id":1378,"date":"2020-07-27T21:30:06","date_gmt":"2020-07-27T19:30:06","guid":{"rendered":"https:\/\/www.logopak.si\/?page_id=1378"},"modified":"2020-07-27T21:31:03","modified_gmt":"2020-07-27T19:31:03","slug":"ubacivanje-kesa","status":"publish","type":"page","link":"https:\/\/www.logopak.si\/sr\/prodajni-program\/automatske-linije-za-pakovanje\/ubacivanje-kesa\/","title":{"rendered":"Ubacivanje kesa"},"content":{"rendered":"<p>[et_pb_section fb_built=&#8220;1&#8243; _builder_version=&#8220;4.4.1&#8243; use_background_color_gradient=&#8220;on&#8220; background_color_gradient_start=&#8220;#eeeeee&#8220; background_color_gradient_end=&#8220;#ffffff&#8220; background_image=&#8220;https:\/\/www.logopak.si\/wp-content\/uploads\/title-back32.png&#8220; background_size=&#8220;contain&#8220; background_position=&#8220;top_right&#8220; custom_padding=&#8220;||45px|||&#8220; saved_tabs=&#8220;all&#8220;][et_pb_row column_structure=&#8220;3_5,2_5&#8243; _builder_version=&#8220;4.4.1&#8243; custom_padding=&#8220;49px||0px||false|false&#8220;][et_pb_column type=&#8220;3_5&#8243; _builder_version=&#8220;4.4.1&#8243;][et_pb_post_title meta=&#8220;off&#8220; featured_image=&#8220;off&#8220; _builder_version=&#8220;4.4.1&#8243; title_font_size=&#8220;32px&#8220; custom_margin=&#8220;||7px||false|false&#8220;][\/et_pb_post_title][et_pb_divider divider_weight=&#8220;4px&#8220; _builder_version=&#8220;4.4.1&#8243; width=&#8220;100px&#8220; custom_margin=&#8220;||0px||false|false&#8220; animation_style=&#8220;slide&#8220; animation_direction=&#8220;right&#8220; animation_intensity_slide=&#8220;39%&#8220;][\/et_pb_divider][et_pb_image src=&#8220;https:\/\/www.logopak.si\/wp-content\/uploads\/niverplast-logo-1.png&#8220; url=&#8220;https:\/\/niverplast.com\/&#8220; url_new_window=&#8220;on&#8220; _builder_version=&#8220;4.4.2&#8243;][\/et_pb_image][\/et_pb_column][et_pb_column type=&#8220;2_5&#8243; _builder_version=&#8220;4.4.1&#8243;][\/et_pb_column][\/et_pb_row][\/et_pb_section][et_pb_section fb_built=&#8220;1&#8243; _builder_version=&#8220;4.4.1&#8243; custom_padding=&#8220;19px||22px||false|false&#8220;][et_pb_row column_structure=&#8220;2_3,1_3&#8243; make_equal=&#8220;on&#8220; admin_label=&#8220;row&#8220; _builder_version=&#8220;4.4.2&#8243; background_enable_image=&#8220;off&#8220; background_size=&#8220;initial&#8220; custom_padding=&#8220;17px||17px||true|false&#8220;][et_pb_column type=&#8220;2_3&#8243; module_class=&#8220;ds-vertical-align&#8220; _builder_version=&#8220;4.4.2&#8243; custom_padding=&#8220;|||&#8220; custom_padding__hover=&#8220;|||&#8220;][et_pb_text _builder_version=&#8220;4.4.8&#8243; hover_enabled=&#8220;0&#8243;]<\/p>\n<h2>MA\u0160INA ZA UBACIVANJE KESA EASYPLAST<\/h2>\n<ul>\n<li>24-\u010dasovna konstantna proizvodnja<\/li>\n<li>Brza i jednostavna promena formata kese<\/li>\n<li>Dodavanje i promena parametara za pojedina\u010dnu kesu<\/li>\n<li>HD vizualizacija na tabli u vezi gre\u0161aka i funkcija ma\u0161ine<\/li>\n<li>Pouzdana ma\u0161ina sa niskim operativnim tro\u0161kovima<\/li>\n<li>Samostalni ili linijski rad ma\u0161ine<\/li>\n<li>Izrada po meri (custom made) <\/li>\n<li>Do 25 kartona ili gajbica u minuti<\/li>\n<li>Mogu\u0107nost kompletne konstrukcije od ner\u0111aju\u0107eg \u010delika<\/li>\n<li>Mogu\u0107nost \u0161tampanja ili nano\u0161enje etiketa na kese<\/li>\n<li>Mogu\u0107nost do 1.000 vre\u0107a u rezervoaru<\/li>\n<\/ul>\n<p>[\/et_pb_text][\/et_pb_column][et_pb_column type=&#8220;1_3&#8243; module_class=&#8220;ds-vertical-align&#8220; _builder_version=&#8220;4.4.2&#8243; custom_padding=&#8220;|||&#8220; custom_padding__hover=&#8220;|||&#8220;][et_pb_image src=&#8220;https:\/\/www.logopak.si\/wp-content\/uploads\/niverplast3-1.jpg&#8220; title_text=&#8220;niverplast3&#8243; align=&#8220;center&#8220; _builder_version=&#8220;4.4.8&#8243;][\/et_pb_image][\/et_pb_column][\/et_pb_row][\/et_pb_section]<\/p>\n","protected":false},"excerpt":{"rendered":"<p>MA\u0160INA ZA UBACIVANJE KESA EASYPLAST 24-\u010dasovna konstantna proizvodnja Brza i jednostavna promena formata kese Dodavanje i promena parametara za pojedina\u010dnu kesu HD vizualizacija na tabli u vezi gre\u0161aka i funkcija ma\u0161ine Pouzdana ma\u0161ina sa niskim operativnim tro\u0161kovima Samostalni ili linijski rad ma\u0161ine Izrada po meri (custom made) Do 25 kartona ili gajbica u minuti Mogu\u0107nost [&hellip;]<\/p>\n","protected":false},"author":1,"featured_media":0,"parent":1344,"menu_order":0,"comment_status":"closed","ping_status":"closed","template":"","meta":{"_seopress_robots_primary_cat":"","_seopress_titles_title":"","_seopress_titles_desc":"","_seopress_robots_index":"","_et_pb_use_builder":"on","_et_pb_old_content":"","_et_gb_content_width":"","footnotes":""},"class_list":["post-1378","page","type-page","status-publish","hentry"],"_links":{"self":[{"href":"https:\/\/www.logopak.si\/sr\/wp-json\/wp\/v2\/pages\/1378","targetHints":{"allow":["GET"]}}],"collection":[{"href":"https:\/\/www.logopak.si\/sr\/wp-json\/wp\/v2\/pages"}],"about":[{"href":"https:\/\/www.logopak.si\/sr\/wp-json\/wp\/v2\/types\/page"}],"author":[{"embeddable":true,"href":"https:\/\/www.logopak.si\/sr\/wp-json\/wp\/v2\/users\/1"}],"replies":[{"embeddable":true,"href":"https:\/\/www.logopak.si\/sr\/wp-json\/wp\/v2\/comments?post=1378"}],"version-history":[{"count":2,"href":"https:\/\/www.logopak.si\/sr\/wp-json\/wp\/v2\/pages\/1378\/revisions"}],"predecessor-version":[{"id":1381,"href":"https:\/\/www.logopak.si\/sr\/wp-json\/wp\/v2\/pages\/1378\/revisions\/1381"}],"up":[{"embeddable":true,"href":"https:\/\/www.logopak.si\/sr\/wp-json\/wp\/v2\/pages\/1344"}],"wp:attachment":[{"href":"https:\/\/www.logopak.si\/sr\/wp-json\/wp\/v2\/media?parent=1378"}],"curies":[{"name":"wp","href":"https:\/\/api.w.org\/{rel}","templated":true}]}}