{"id":1373,"date":"2020-07-27T21:26:21","date_gmt":"2020-07-27T19:26:21","guid":{"rendered":"https:\/\/www.logopak.si\/?page_id=1373"},"modified":"2020-07-27T21:27:29","modified_gmt":"2020-07-27T19:27:29","slug":"varenje-kesa","status":"publish","type":"page","link":"https:\/\/www.logopak.si\/sr\/prodajni-program\/automatske-linije-za-pakovanje\/varenje-kesa\/","title":{"rendered":"Varenje kesa"},"content":{"rendered":"<p>[et_pb_section fb_built=&#8220;1&#8243; _builder_version=&#8220;4.4.1&#8243; use_background_color_gradient=&#8220;on&#8220; background_color_gradient_start=&#8220;#eeeeee&#8220; background_color_gradient_end=&#8220;#ffffff&#8220; background_image=&#8220;https:\/\/www.logopak.si\/wp-content\/uploads\/title-back32.png&#8220; background_size=&#8220;contain&#8220; background_position=&#8220;top_right&#8220; custom_padding=&#8220;||45px|||&#8220; saved_tabs=&#8220;all&#8220;][et_pb_row column_structure=&#8220;3_5,2_5&#8243; _builder_version=&#8220;4.4.1&#8243; custom_padding=&#8220;49px||0px||false|false&#8220;][et_pb_column type=&#8220;3_5&#8243; _builder_version=&#8220;4.4.1&#8243;][et_pb_post_title meta=&#8220;off&#8220; featured_image=&#8220;off&#8220; _builder_version=&#8220;4.4.1&#8243; title_font_size=&#8220;32px&#8220; custom_margin=&#8220;||7px||false|false&#8220;][\/et_pb_post_title][et_pb_divider divider_weight=&#8220;4px&#8220; _builder_version=&#8220;4.4.1&#8243; width=&#8220;100px&#8220; custom_margin=&#8220;||0px||false|false&#8220; animation_style=&#8220;slide&#8220; animation_direction=&#8220;right&#8220; animation_intensity_slide=&#8220;39%&#8220;][\/et_pb_divider][et_pb_image src=&#8220;https:\/\/www.logopak.si\/wp-content\/uploads\/niverplast-logo-1.png&#8220; url=&#8220;https:\/\/niverplast.com\/&#8220; url_new_window=&#8220;on&#8220; _builder_version=&#8220;4.4.2&#8243;][\/et_pb_image][\/et_pb_column][et_pb_column type=&#8220;2_5&#8243; _builder_version=&#8220;4.4.1&#8243;][\/et_pb_column][\/et_pb_row][\/et_pb_section][et_pb_section fb_built=&#8220;1&#8243; _builder_version=&#8220;4.4.1&#8243; custom_padding=&#8220;19px||22px||false|false&#8220;][et_pb_row column_structure=&#8220;2_3,1_3&#8243; make_equal=&#8220;on&#8220; admin_label=&#8220;row&#8220; _builder_version=&#8220;4.4.2&#8243; background_enable_image=&#8220;off&#8220; background_size=&#8220;initial&#8220; custom_padding=&#8220;17px||17px||true|false&#8220;][et_pb_column type=&#8220;2_3&#8243; module_class=&#8220;ds-vertical-align&#8220; _builder_version=&#8220;4.4.2&#8243; custom_padding=&#8220;|||&#8220; custom_padding__hover=&#8220;|||&#8220;][et_pb_text _builder_version=&#8220;4.4.8&#8243; hover_enabled=&#8220;0&#8243;]<\/p>\n<h2>MA\u0160INA ZA VARENJE KESA (VARILICA) VARIOSEAL<\/h2>\n<ul>\n<li>Do 12 kartona ili gajbica u minuti <\/li>\n<li>Dodavanje, menjanje i \u010duvanje programa za razli\u010dite kese<\/li>\n<li>Neprekidan rad<\/li>\n<li>Kompaktna konstrukcija<\/li>\n<li>Leva ili desna verzija ma\u0161ine <\/li>\n<li>HD vizualizacija na tabli u vezi gre\u0161aka i funkcija ma\u0161ine<\/li>\n<li>Pouzdana ma\u0161ina sa niskim operativnim tro\u0161kovima<\/li>\n<li>Samostalni ili linijski rad ma\u0161ine<\/li>\n<li>Izrada po meri (custom made) <\/li>\n<li>Moguc\u0301nost savijanja kese<\/li>\n<li>Moguc\u0301nost integrisane kontrole mase sa eliminacijom <\/li>\n<li>Mogu\u0107nost integracije lepilice kartona<\/li>\n<li>Moguc\u0301nost pakovanja sa kontrolisanom atmosferom<\/li>\n<li>Mogu\u0107nost \u0161tampanja <\/li>\n<li>Moguc\u0301nost perforisanje kese, radi lak\u0161eg otvaranja <\/li>\n<li>Mogu\u0107nost uklanjanja suvi\u0161nog materijala iznad vara<\/li>\n<\/ul>\n<p>[\/et_pb_text][\/et_pb_column][et_pb_column type=&#8220;1_3&#8243; module_class=&#8220;ds-vertical-align&#8220; _builder_version=&#8220;4.4.2&#8243; custom_padding=&#8220;|||&#8220; custom_padding__hover=&#8220;|||&#8220;][et_pb_image src=&#8220;https:\/\/www.logopak.si\/wp-content\/uploads\/niverplast4-1.jpg&#8220; title_text=&#8220;niverplast4&#8243; align=&#8220;center&#8220; _builder_version=&#8220;4.4.8&#8243;][\/et_pb_image][\/et_pb_column][\/et_pb_row][\/et_pb_section]<\/p>\n","protected":false},"excerpt":{"rendered":"<p>MA\u0160INA ZA VARENJE KESA (VARILICA) VARIOSEAL Do 12 kartona ili gajbica u minuti Dodavanje, menjanje i \u010duvanje programa za razli\u010dite kese Neprekidan rad Kompaktna konstrukcija Leva ili desna verzija ma\u0161ine HD vizualizacija na tabli u vezi gre\u0161aka i funkcija ma\u0161ine Pouzdana ma\u0161ina sa niskim operativnim tro\u0161kovima Samostalni ili linijski rad ma\u0161ine Izrada po meri (custom [&hellip;]<\/p>\n","protected":false},"author":1,"featured_media":0,"parent":1344,"menu_order":0,"comment_status":"closed","ping_status":"closed","template":"","meta":{"_seopress_robots_primary_cat":"","_seopress_titles_title":"","_seopress_titles_desc":"","_seopress_robots_index":"","_et_pb_use_builder":"on","_et_pb_old_content":"","_et_gb_content_width":"","footnotes":""},"class_list":["post-1373","page","type-page","status-publish","hentry"],"_links":{"self":[{"href":"https:\/\/www.logopak.si\/sr\/wp-json\/wp\/v2\/pages\/1373","targetHints":{"allow":["GET"]}}],"collection":[{"href":"https:\/\/www.logopak.si\/sr\/wp-json\/wp\/v2\/pages"}],"about":[{"href":"https:\/\/www.logopak.si\/sr\/wp-json\/wp\/v2\/types\/page"}],"author":[{"embeddable":true,"href":"https:\/\/www.logopak.si\/sr\/wp-json\/wp\/v2\/users\/1"}],"replies":[{"embeddable":true,"href":"https:\/\/www.logopak.si\/sr\/wp-json\/wp\/v2\/comments?post=1373"}],"version-history":[{"count":2,"href":"https:\/\/www.logopak.si\/sr\/wp-json\/wp\/v2\/pages\/1373\/revisions"}],"predecessor-version":[{"id":1376,"href":"https:\/\/www.logopak.si\/sr\/wp-json\/wp\/v2\/pages\/1373\/revisions\/1376"}],"up":[{"embeddable":true,"href":"https:\/\/www.logopak.si\/sr\/wp-json\/wp\/v2\/pages\/1344"}],"wp:attachment":[{"href":"https:\/\/www.logopak.si\/sr\/wp-json\/wp\/v2\/media?parent=1373"}],"curies":[{"name":"wp","href":"https:\/\/api.w.org\/{rel}","templated":true}]}}