{"id":1369,"date":"2020-07-27T21:23:58","date_gmt":"2020-07-27T19:23:58","guid":{"rendered":"https:\/\/www.logopak.si\/?page_id=1369"},"modified":"2020-07-27T21:25:37","modified_gmt":"2020-07-27T19:25:37","slug":"sistemi-za-brojanje","status":"publish","type":"page","link":"https:\/\/www.logopak.si\/sr\/prodajni-program\/automatske-linije-za-pakovanje\/sistemi-za-brojanje\/","title":{"rendered":"Sistemi za brojanje"},"content":{"rendered":"<p>[et_pb_section fb_built=&#8220;1&#8243; _builder_version=&#8220;4.4.1&#8243; use_background_color_gradient=&#8220;on&#8220; background_color_gradient_start=&#8220;#eeeeee&#8220; background_color_gradient_end=&#8220;#ffffff&#8220; background_image=&#8220;https:\/\/www.logopak.si\/wp-content\/uploads\/title-back32.png&#8220; background_size=&#8220;contain&#8220; background_position=&#8220;top_right&#8220; custom_padding=&#8220;||45px|||&#8220; saved_tabs=&#8220;all&#8220;][et_pb_row column_structure=&#8220;3_5,2_5&#8243; _builder_version=&#8220;4.4.1&#8243; custom_padding=&#8220;49px||0px||false|false&#8220;][et_pb_column type=&#8220;3_5&#8243; _builder_version=&#8220;4.4.1&#8243;][et_pb_post_title meta=&#8220;off&#8220; featured_image=&#8220;off&#8220; _builder_version=&#8220;4.4.1&#8243; title_font_size=&#8220;32px&#8220; custom_margin=&#8220;||7px||false|false&#8220;][\/et_pb_post_title][et_pb_divider divider_weight=&#8220;4px&#8220; _builder_version=&#8220;4.4.1&#8243; width=&#8220;100px&#8220; custom_margin=&#8220;||0px||false|false&#8220; animation_style=&#8220;slide&#8220; animation_direction=&#8220;right&#8220; animation_intensity_slide=&#8220;39%&#8220;][\/et_pb_divider][et_pb_image src=&#8220;https:\/\/www.logopak.si\/wp-content\/uploads\/niverplast-logo-1.png&#8220; url=&#8220;https:\/\/niverplast.com\/&#8220; url_new_window=&#8220;on&#8220; _builder_version=&#8220;4.4.2&#8243;][\/et_pb_image][\/et_pb_column][et_pb_column type=&#8220;2_5&#8243; _builder_version=&#8220;4.4.1&#8243;][\/et_pb_column][\/et_pb_row][\/et_pb_section][et_pb_section fb_built=&#8220;1&#8243; _builder_version=&#8220;4.4.1&#8243; custom_padding=&#8220;19px||22px||false|false&#8220;][et_pb_row column_structure=&#8220;2_3,1_3&#8243; make_equal=&#8220;on&#8220; admin_label=&#8220;row&#8220; _builder_version=&#8220;4.4.2&#8243; background_enable_image=&#8220;off&#8220; background_size=&#8220;initial&#8220; custom_padding=&#8220;17px||17px||true|false&#8220; border_width_bottom=&#8220;1px&#8220; border_color_bottom=&#8220;#dddddd&#8220;][et_pb_column type=&#8220;2_3&#8243; module_class=&#8220;ds-vertical-align&#8220; _builder_version=&#8220;4.4.2&#8243; custom_padding=&#8220;|||&#8220; custom_padding__hover=&#8220;|||&#8220;][et_pb_text _builder_version=&#8220;4.4.8&#8243; hover_enabled=&#8220;0&#8243;]<\/p>\n<h2>KAMERA ZA BROJANJE (KAMERA BROJA\u010c) SPEEDBATCHER<\/h2>\n<ul>\n<li>Jednostavno pode\u0161avanje broja proizvoda po paketu <\/li>\n<li>Do 6 kanala, svaki sa svojim proizvodom<\/li>\n<li>Kamera broja\u010d je povezana sa modulom za pakete (Niverplast software)<\/li>\n<li>Razvijeno za za\u0161titu va\u0161ih proizvoda<\/li>\n<li>Jednostavno uno\u0161enje novih proizvoda u sistem <\/li>\n<li>Upravljanje preko displeja osetljivog na dodir<\/li>\n<li>Optimalna ta\u010dnost paketa putem Niverplast algoritma<\/li>\n<li>Moguc\u0301nost poliuretanskih traka <\/li>\n<li>Kompatibilnost sa prakti\u010dno svim ure\u0111ajima za pakovanje koji se nalaze na tr\u017ei\u0161tu <\/li>\n<li>Istovremeno sposobnost za rad tri ma\u0161ine za pakovanje i dodatnom \u010detvrtom kao rezerva <\/li>\n<li>Kapacitet: do 120.000 proizvoda na sat<\/li>\n<li>Jednostavan pristup za odr\u017eavanje i \u010di\u0161c\u0301enje<\/li>\n<\/ul>\n<p>[\/et_pb_text][\/et_pb_column][et_pb_column type=&#8220;1_3&#8243; module_class=&#8220;ds-vertical-align&#8220; _builder_version=&#8220;4.4.2&#8243; custom_padding=&#8220;|||&#8220; custom_padding__hover=&#8220;|||&#8220;][et_pb_image src=&#8220;https:\/\/www.logopak.si\/wp-content\/uploads\/niverplast5-1.jpg&#8220; title_text=&#8220;niverplast5&#8243; _builder_version=&#8220;4.4.8&#8243;][\/et_pb_image][\/et_pb_column][\/et_pb_row][et_pb_row column_structure=&#8220;2_3,1_3&#8243; make_equal=&#8220;on&#8220; admin_label=&#8220;row&#8220; _builder_version=&#8220;4.4.2&#8243; background_enable_image=&#8220;off&#8220; background_size=&#8220;initial&#8220; custom_padding=&#8220;39px||27px||false|false&#8220;][et_pb_column type=&#8220;2_3&#8243; module_class=&#8220;ds-vertical-align&#8220; _builder_version=&#8220;4.4.2&#8243; custom_padding=&#8220;|||&#8220; custom_padding__hover=&#8220;|||&#8220;][et_pb_text _builder_version=&#8220;4.4.8&#8243; hover_enabled=&#8220;0&#8243;]<\/p>\n<h2>KANALNI BROJA\u010c<\/h2>\n<ul>\n<li>Veoma nisko habanje delova i minimalno odr\u017eavanje <\/li>\n<li>Sinhronizacija sa skoro svim ma\u0161inama za pakovanje <\/li>\n<li>Komponente u kontaktu s proizvodima izra\u0111ene su od ner\u0111ajuc\u0301eg \u010delika ili plastike pogodne za hranu <\/li>\n<li>Verzija je moguc\u0301a sa 2,4,6 i 8 kanala. Svaki kanal opremljen je slobodnim ekscentri\u010dnim pogonom <\/li>\n<li>Lako i jednostavno rukovanje <\/li>\n<li>Displej osetljiv na dodir daje operateru sve potrebne informacije<\/li>\n<\/ul>\n<p>[\/et_pb_text][\/et_pb_column][et_pb_column type=&#8220;1_3&#8243; module_class=&#8220;ds-vertical-align&#8220; _builder_version=&#8220;4.4.2&#8243; custom_padding=&#8220;|||&#8220; custom_padding__hover=&#8220;|||&#8220;][et_pb_image src=&#8220;https:\/\/www.logopak.si\/wp-content\/uploads\/niverplast6-1.jpg&#8220; title_text=&#8220;niverplast6&#8243; _builder_version=&#8220;4.4.8&#8243;][\/et_pb_image][\/et_pb_column][\/et_pb_row][\/et_pb_section]<\/p>\n","protected":false},"excerpt":{"rendered":"<p>KAMERA ZA BROJANJE (KAMERA BROJA\u010c) SPEEDBATCHER Jednostavno pode\u0161avanje broja proizvoda po paketu Do 6 kanala, svaki sa svojim proizvodom Kamera broja\u010d je povezana sa modulom za pakete (Niverplast software) Razvijeno za za\u0161titu va\u0161ih proizvoda Jednostavno uno\u0161enje novih proizvoda u sistem Upravljanje preko displeja osetljivog na dodir Optimalna ta\u010dnost paketa putem Niverplast algoritma Moguc\u0301nost poliuretanskih traka [&hellip;]<\/p>\n","protected":false},"author":1,"featured_media":0,"parent":1344,"menu_order":0,"comment_status":"closed","ping_status":"closed","template":"","meta":{"_seopress_robots_primary_cat":"","_seopress_titles_title":"","_seopress_titles_desc":"","_seopress_robots_index":"","_et_pb_use_builder":"on","_et_pb_old_content":"","_et_gb_content_width":"","footnotes":""},"class_list":["post-1369","page","type-page","status-publish","hentry"],"_links":{"self":[{"href":"https:\/\/www.logopak.si\/sr\/wp-json\/wp\/v2\/pages\/1369","targetHints":{"allow":["GET"]}}],"collection":[{"href":"https:\/\/www.logopak.si\/sr\/wp-json\/wp\/v2\/pages"}],"about":[{"href":"https:\/\/www.logopak.si\/sr\/wp-json\/wp\/v2\/types\/page"}],"author":[{"embeddable":true,"href":"https:\/\/www.logopak.si\/sr\/wp-json\/wp\/v2\/users\/1"}],"replies":[{"embeddable":true,"href":"https:\/\/www.logopak.si\/sr\/wp-json\/wp\/v2\/comments?post=1369"}],"version-history":[{"count":2,"href":"https:\/\/www.logopak.si\/sr\/wp-json\/wp\/v2\/pages\/1369\/revisions"}],"predecessor-version":[{"id":1372,"href":"https:\/\/www.logopak.si\/sr\/wp-json\/wp\/v2\/pages\/1369\/revisions\/1372"}],"up":[{"embeddable":true,"href":"https:\/\/www.logopak.si\/sr\/wp-json\/wp\/v2\/pages\/1344"}],"wp:attachment":[{"href":"https:\/\/www.logopak.si\/sr\/wp-json\/wp\/v2\/media?parent=1369"}],"curies":[{"name":"wp","href":"https:\/\/api.w.org\/{rel}","templated":true}]}}