{"id":1365,"date":"2020-07-27T21:22:18","date_gmt":"2020-07-27T19:22:18","guid":{"rendered":"https:\/\/www.logopak.si\/?page_id=1365"},"modified":"2020-07-27T21:23:22","modified_gmt":"2020-07-27T19:23:22","slug":"pakovanje","status":"publish","type":"page","link":"https:\/\/www.logopak.si\/sr\/prodajni-program\/automatske-linije-za-pakovanje\/pakovanje\/","title":{"rendered":"Pakovanje"},"content":{"rendered":"<p>[et_pb_section fb_built=&#8220;1&#8243; _builder_version=&#8220;4.4.1&#8243; use_background_color_gradient=&#8220;on&#8220; background_color_gradient_start=&#8220;#eeeeee&#8220; background_color_gradient_end=&#8220;#ffffff&#8220; background_image=&#8220;https:\/\/www.logopak.si\/wp-content\/uploads\/title-back32.png&#8220; background_size=&#8220;contain&#8220; background_position=&#8220;top_right&#8220; custom_padding=&#8220;||45px|||&#8220; saved_tabs=&#8220;all&#8220;][et_pb_row column_structure=&#8220;3_5,2_5&#8243; _builder_version=&#8220;4.4.1&#8243; custom_padding=&#8220;49px||0px||false|false&#8220;][et_pb_column type=&#8220;3_5&#8243; _builder_version=&#8220;4.4.1&#8243;][et_pb_post_title meta=&#8220;off&#8220; featured_image=&#8220;off&#8220; _builder_version=&#8220;4.4.1&#8243; title_font_size=&#8220;32px&#8220; custom_margin=&#8220;||7px||false|false&#8220;][\/et_pb_post_title][et_pb_divider divider_weight=&#8220;4px&#8220; _builder_version=&#8220;4.4.1&#8243; width=&#8220;100px&#8220; custom_margin=&#8220;||0px||false|false&#8220; animation_style=&#8220;slide&#8220; animation_direction=&#8220;right&#8220; animation_intensity_slide=&#8220;39%&#8220;][\/et_pb_divider][et_pb_image src=&#8220;https:\/\/www.logopak.si\/wp-content\/uploads\/niverplast-logo-1.png&#8220; url=&#8220;https:\/\/niverplast.com\/&#8220; url_new_window=&#8220;on&#8220; _builder_version=&#8220;4.4.2&#8243;][\/et_pb_image][\/et_pb_column][et_pb_column type=&#8220;2_5&#8243; _builder_version=&#8220;4.4.1&#8243;][\/et_pb_column][\/et_pb_row][\/et_pb_section][et_pb_section fb_built=&#8220;1&#8243; _builder_version=&#8220;4.4.1&#8243; custom_padding=&#8220;19px||22px||false|false&#8220;][et_pb_row column_structure=&#8220;2_3,1_3&#8243; make_equal=&#8220;on&#8220; admin_label=&#8220;row&#8220; _builder_version=&#8220;4.4.2&#8243; background_enable_image=&#8220;off&#8220; background_size=&#8220;initial&#8220; custom_padding=&#8220;17px||17px||true|false&#8220;][et_pb_column type=&#8220;2_3&#8243; module_class=&#8220;ds-vertical-align&#8220; _builder_version=&#8220;4.4.2&#8243; custom_padding=&#8220;|||&#8220; custom_padding__hover=&#8220;|||&#8220;][et_pb_text _builder_version=&#8220;4.4.8&#8243; hover_enabled=&#8220;0&#8243;]<\/p>\n<h2>MA\u0160INA ZA VERTIKALNO PAKOVANJE (VERTIKALNA PAKERICA) SEPP<\/h2>\n<ul>\n<li>Do 1.800 kesa na sat<\/li>\n<li>Interaktivna, intuitivna tabla osetljiva na dodir<\/li>\n<li>Pouzdan rad, niski tro\u0161kovi odr\u017eavanja <\/li>\n<li>Jednostavno za rukovanje i promene<\/li>\n<li>Kompaktan dizajn <\/li>\n<li>Jednostavan pristup za odr\u017eavanje i \u010di\u0161c\u0301enje ma\u0161ine <\/li>\n<li>Robusna konstrukcija od ner\u0111ajuc\u0301eg \u010delika <\/li>\n<li>Centriranje folije preko kontrolne table<\/li>\n<li>Vertikalna ili 45\u00b0 verzija <\/li>\n<li>Jednostavno pretvaranje iz SEPP45 u SEPP90 i obrnuto<\/li>\n<li>Ugradnja u svaku liniju<\/li>\n<li>Impulsivno zavarivanje folije, se\u010denje no\u017eem<\/li>\n<\/ul>\n<p>[\/et_pb_text][\/et_pb_column][et_pb_column type=&#8220;1_3&#8243; module_class=&#8220;ds-vertical-align&#8220; _builder_version=&#8220;4.4.2&#8243; custom_padding=&#8220;|||&#8220; custom_padding__hover=&#8220;|||&#8220;][et_pb_image src=&#8220;https:\/\/www.logopak.si\/wp-content\/uploads\/niverplast7-1.jpg&#8220; title_text=&#8220;niverplast7&#8243; align=&#8220;center&#8220; _builder_version=&#8220;4.4.8&#8243;][\/et_pb_image][\/et_pb_column][\/et_pb_row][\/et_pb_section]<\/p>\n","protected":false},"excerpt":{"rendered":"<p>MA\u0160INA ZA VERTIKALNO PAKOVANJE (VERTIKALNA PAKERICA) SEPP Do 1.800 kesa na sat Interaktivna, intuitivna tabla osetljiva na dodir Pouzdan rad, niski tro\u0161kovi odr\u017eavanja Jednostavno za rukovanje i promene Kompaktan dizajn Jednostavan pristup za odr\u017eavanje i \u010di\u0161c\u0301enje ma\u0161ine Robusna konstrukcija od ner\u0111ajuc\u0301eg \u010delika Centriranje folije preko kontrolne table Vertikalna ili 45\u00b0 verzija Jednostavno pretvaranje iz SEPP45 [&hellip;]<\/p>\n","protected":false},"author":1,"featured_media":0,"parent":1344,"menu_order":0,"comment_status":"closed","ping_status":"closed","template":"","meta":{"_seopress_robots_primary_cat":"","_seopress_titles_title":"","_seopress_titles_desc":"","_seopress_robots_index":"","_et_pb_use_builder":"on","_et_pb_old_content":"","_et_gb_content_width":"","footnotes":""},"class_list":["post-1365","page","type-page","status-publish","hentry"],"_links":{"self":[{"href":"https:\/\/www.logopak.si\/sr\/wp-json\/wp\/v2\/pages\/1365","targetHints":{"allow":["GET"]}}],"collection":[{"href":"https:\/\/www.logopak.si\/sr\/wp-json\/wp\/v2\/pages"}],"about":[{"href":"https:\/\/www.logopak.si\/sr\/wp-json\/wp\/v2\/types\/page"}],"author":[{"embeddable":true,"href":"https:\/\/www.logopak.si\/sr\/wp-json\/wp\/v2\/users\/1"}],"replies":[{"embeddable":true,"href":"https:\/\/www.logopak.si\/sr\/wp-json\/wp\/v2\/comments?post=1365"}],"version-history":[{"count":2,"href":"https:\/\/www.logopak.si\/sr\/wp-json\/wp\/v2\/pages\/1365\/revisions"}],"predecessor-version":[{"id":1368,"href":"https:\/\/www.logopak.si\/sr\/wp-json\/wp\/v2\/pages\/1365\/revisions\/1368"}],"up":[{"embeddable":true,"href":"https:\/\/www.logopak.si\/sr\/wp-json\/wp\/v2\/pages\/1344"}],"wp:attachment":[{"href":"https:\/\/www.logopak.si\/sr\/wp-json\/wp\/v2\/media?parent=1365"}],"curies":[{"name":"wp","href":"https:\/\/api.w.org\/{rel}","templated":true}]}}