{"id":1348,"date":"2020-07-27T21:07:03","date_gmt":"2020-07-27T19:07:03","guid":{"rendered":"https:\/\/www.logopak.si\/?page_id=1348"},"modified":"2020-07-27T21:21:11","modified_gmt":"2020-07-27T19:21:11","slug":"izrada-kartona","status":"publish","type":"page","link":"https:\/\/www.logopak.si\/sr\/prodajni-program\/automatske-linije-za-pakovanje\/izrada-kartona\/","title":{"rendered":"Izrada kartona"},"content":{"rendered":"<p>[et_pb_section fb_built=&#8220;1&#8243; _builder_version=&#8220;4.4.1&#8243; use_background_color_gradient=&#8220;on&#8220; background_color_gradient_start=&#8220;#eeeeee&#8220; background_color_gradient_end=&#8220;#ffffff&#8220; background_image=&#8220;https:\/\/www.logopak.si\/wp-content\/uploads\/title-back32.png&#8220; background_size=&#8220;contain&#8220; background_position=&#8220;top_right&#8220; custom_padding=&#8220;||45px|||&#8220; saved_tabs=&#8220;all&#8220;][et_pb_row column_structure=&#8220;3_5,2_5&#8243; _builder_version=&#8220;4.4.1&#8243; custom_padding=&#8220;49px||0px||false|false&#8220;][et_pb_column type=&#8220;3_5&#8243; _builder_version=&#8220;4.4.1&#8243;][et_pb_post_title meta=&#8220;off&#8220; featured_image=&#8220;off&#8220; _builder_version=&#8220;4.4.1&#8243; title_font_size=&#8220;32px&#8220; custom_margin=&#8220;||7px||false|false&#8220;][\/et_pb_post_title][et_pb_divider divider_weight=&#8220;4px&#8220; _builder_version=&#8220;4.4.1&#8243; width=&#8220;100px&#8220; custom_margin=&#8220;||0px||false|false&#8220; animation_style=&#8220;slide&#8220; animation_direction=&#8220;right&#8220; animation_intensity_slide=&#8220;39%&#8220;][\/et_pb_divider][et_pb_image src=&#8220;https:\/\/www.logopak.si\/wp-content\/uploads\/niverplast-logo-1.png&#8220; url=&#8220;https:\/\/niverplast.com\/&#8220; url_new_window=&#8220;on&#8220; _builder_version=&#8220;4.4.2&#8243;][\/et_pb_image][\/et_pb_column][et_pb_column type=&#8220;2_5&#8243; _builder_version=&#8220;4.4.1&#8243;][\/et_pb_column][\/et_pb_row][\/et_pb_section][et_pb_section fb_built=&#8220;1&#8243; _builder_version=&#8220;4.4.1&#8243; custom_padding=&#8220;19px||22px||false|false&#8220;][et_pb_row column_structure=&#8220;2_3,1_3&#8243; make_equal=&#8220;on&#8220; admin_label=&#8220;row&#8220; _builder_version=&#8220;4.4.2&#8243; background_enable_image=&#8220;off&#8220; background_size=&#8220;initial&#8220; custom_padding=&#8220;35px||35px||true|false&#8220; border_width_bottom=&#8220;1px&#8220; border_color_bottom=&#8220;#dddddd&#8220;][et_pb_column type=&#8220;2_3&#8243; module_class=&#8220;ds-vertical-align&#8220; _builder_version=&#8220;4.4.2&#8243; custom_padding=&#8220;|||&#8220; custom_padding__hover=&#8220;|||&#8220;][et_pb_text _builder_version=&#8220;4.4.8&#8243; hover_enabled=&#8220;0&#8243;]<\/p>\n<h2>MA\u0160INA ZA IZRADU KARTONA (KARTON MA\u0160INA) LANTECH<\/h2>\n<ul>\n<li>Automatsko otvaranje ameriken kartona i lepljenje donjih stranica<\/li>\n<li>Skladi\u0161te za pribli\u017eno 150 ravnih kartona<\/li>\n<li>Dimenzije kartona zavise od modela <\/li>\n<li>Lepljiva traka ili hot melt traka<\/li>\n<li>Kapacitet zavisi od modela<\/li>\n<li>Kontrolna tabla sa svim potrebnim funkcijama i sigurnosnim signalima<\/li>\n<li>Ma\u0161ina se kontroli\u0161e pomo\u0107u PLC jedinice za sinhronizaciju celokupnog rada<\/li>\n<\/ul>\n<p>[\/et_pb_text][\/et_pb_column][et_pb_column type=&#8220;1_3&#8243; module_class=&#8220;ds-vertical-align&#8220; _builder_version=&#8220;4.4.2&#8243; custom_padding=&#8220;|||&#8220; custom_padding__hover=&#8220;|||&#8220;][et_pb_image src=&#8220;https:\/\/www.logopak.si\/wp-content\/uploads\/niverplast1.jpg&#8220; _builder_version=&#8220;4.4.2&#8243;][\/et_pb_image][\/et_pb_column][\/et_pb_row][et_pb_row column_structure=&#8220;2_3,1_3&#8243; make_equal=&#8220;on&#8220; admin_label=&#8220;row&#8220; _builder_version=&#8220;4.4.2&#8243; background_enable_image=&#8220;off&#8220; background_size=&#8220;initial&#8220; custom_margin=&#8220;-2px|auto||auto||&#8220; custom_padding=&#8220;32px||32px||true|false&#8220;][et_pb_column type=&#8220;2_3&#8243; _builder_version=&#8220;4.4.1&#8243; custom_padding=&#8220;|||&#8220; custom_padding__hover=&#8220;|||&#8220;][et_pb_text _builder_version=&#8220;4.4.8&#8243; hover_enabled=&#8220;0&#8243;]<\/p>\n<h2>KOMBINOVNA MA\u0160INA ZA IZRADU KARTONA I UBACIVANJE KESA COMBIPLAST<\/h2>\n<ul>\n<li>Do 15 kartona u minuti <\/li>\n<li>Otvaranje kartona sa dva prijemnika<\/li>\n<li>Jednostavna upotreba<\/li>\n<li>24-\u010dasovna konstantna proizvodnja<\/li>\n<li>Brza promena formata <\/li>\n<li>Dodavanje i promena formata <\/li>\n<li>Leva ili desna strana ma\u0161ine<\/li>\n<li>HD vizualizacija na tabli u vezi gre\u0161aka i funkcija ma\u0161ine<\/li>\n<li>Pouzdana ma\u0161ina sa niskim operativnim tro\u0161kovima<\/li>\n<li>Samostalni ili linijski rad ma\u0161ine<\/li>\n<li>Izrada po meri (custom made)<\/li>\n<li>Mogu\u0107nost kompletne konstrukcije od ner\u0111aju\u0107eg \u010delika<\/li>\n<li>Mogu\u0107nost \u0161tampanja <\/li>\n<li>Mogu\u0107nost do 1.000 vre\u0107a u rezervoaru <\/li>\n<li>Moguc\u0301nost lepljenja kartona vruc\u0301im lepkom<\/li>\n<\/ul>\n<p>[\/et_pb_text][\/et_pb_column][et_pb_column type=&#8220;1_3&#8243; module_class=&#8220;ds-vertical-align&#8220; _builder_version=&#8220;4.4.2&#8243; custom_padding=&#8220;|||&#8220; custom_padding__hover=&#8220;|||&#8220;][et_pb_image src=&#8220;https:\/\/www.logopak.si\/wp-content\/uploads\/niverplast2-1.jpg&#8220; title_text=&#8220;niverplast2&#8243; _builder_version=&#8220;4.4.8&#8243;][\/et_pb_image][\/et_pb_column][\/et_pb_row][\/et_pb_section]<\/p>\n","protected":false},"excerpt":{"rendered":"<p>MA\u0160INA ZA IZRADU KARTONA (KARTON MA\u0160INA) LANTECH Automatsko otvaranje ameriken kartona i lepljenje donjih stranica Skladi\u0161te za pribli\u017eno 150 ravnih kartona Dimenzije kartona zavise od modela Lepljiva traka ili hot melt traka Kapacitet zavisi od modela Kontrolna tabla sa svim potrebnim funkcijama i sigurnosnim signalima Ma\u0161ina se kontroli\u0161e pomo\u0107u PLC jedinice za sinhronizaciju celokupnog rada [&hellip;]<\/p>\n","protected":false},"author":1,"featured_media":0,"parent":1344,"menu_order":0,"comment_status":"closed","ping_status":"closed","template":"","meta":{"_seopress_robots_primary_cat":"","_seopress_titles_title":"","_seopress_titles_desc":"","_seopress_robots_index":"","_et_pb_use_builder":"on","_et_pb_old_content":"","_et_gb_content_width":"","footnotes":""},"class_list":["post-1348","page","type-page","status-publish","hentry"],"_links":{"self":[{"href":"https:\/\/www.logopak.si\/sr\/wp-json\/wp\/v2\/pages\/1348","targetHints":{"allow":["GET"]}}],"collection":[{"href":"https:\/\/www.logopak.si\/sr\/wp-json\/wp\/v2\/pages"}],"about":[{"href":"https:\/\/www.logopak.si\/sr\/wp-json\/wp\/v2\/types\/page"}],"author":[{"embeddable":true,"href":"https:\/\/www.logopak.si\/sr\/wp-json\/wp\/v2\/users\/1"}],"replies":[{"embeddable":true,"href":"https:\/\/www.logopak.si\/sr\/wp-json\/wp\/v2\/comments?post=1348"}],"version-history":[{"count":2,"href":"https:\/\/www.logopak.si\/sr\/wp-json\/wp\/v2\/pages\/1348\/revisions"}],"predecessor-version":[{"id":1364,"href":"https:\/\/www.logopak.si\/sr\/wp-json\/wp\/v2\/pages\/1348\/revisions\/1364"}],"up":[{"embeddable":true,"href":"https:\/\/www.logopak.si\/sr\/wp-json\/wp\/v2\/pages\/1344"}],"wp:attachment":[{"href":"https:\/\/www.logopak.si\/sr\/wp-json\/wp\/v2\/media?parent=1348"}],"curies":[{"name":"wp","href":"https:\/\/api.w.org\/{rel}","templated":true}]}}