{"id":1261,"date":"2020-07-27T13:51:54","date_gmt":"2020-07-27T11:51:54","guid":{"rendered":"https:\/\/www.logopak.si\/?page_id=1261"},"modified":"2020-07-27T14:33:16","modified_gmt":"2020-07-27T12:33:16","slug":"politika-o-zastiti-osobnih-podataka","status":"publish","type":"page","link":"https:\/\/www.logopak.si\/hr\/politika-o-zastiti-osobnih-podataka\/","title":{"rendered":"Politika o za\u0161titi osobnih podataka"},"content":{"rendered":"<p>[et_pb_section fb_built=&#8221;1&#8243; _builder_version=&#8221;4.4.1&#8243; use_background_color_gradient=&#8221;on&#8221; background_color_gradient_start=&#8221;#eeeeee&#8221; background_color_gradient_end=&#8221;#ffffff&#8221; background_image=&#8221;https:\/\/www.logopak.si\/wp-content\/uploads\/title-back32.png&#8221; background_size=&#8221;contain&#8221; background_position=&#8221;top_right&#8221; custom_padding=&#8221;||45px|||&#8221; saved_tabs=&#8221;all&#8221; global_module=&#8221;591&#8243;][et_pb_row column_structure=&#8221;3_5,2_5&#8243; _builder_version=&#8221;4.4.1&#8243; custom_padding=&#8221;49px||0px||false|false&#8221;][et_pb_column type=&#8221;3_5&#8243; _builder_version=&#8221;4.4.1&#8243;][et_pb_post_title meta=&#8221;off&#8221; featured_image=&#8221;off&#8221; _builder_version=&#8221;4.4.1&#8243; title_font_size=&#8221;32px&#8221; custom_margin=&#8221;||7px||false|false&#8221;][\/et_pb_post_title][et_pb_divider divider_weight=&#8221;4px&#8221; _builder_version=&#8221;4.4.1&#8243; width=&#8221;100px&#8221; animation_style=&#8221;slide&#8221; animation_direction=&#8221;right&#8221; animation_intensity_slide=&#8221;39%&#8221;][\/et_pb_divider][\/et_pb_column][et_pb_column type=&#8221;2_5&#8243; _builder_version=&#8221;4.4.1&#8243;][\/et_pb_column][\/et_pb_row][\/et_pb_section][et_pb_section fb_built=&#8221;1&#8243; admin_label=&#8221;section&#8221; _builder_version=&#8221;3.22&#8243;][et_pb_row admin_label=&#8221;row&#8221; _builder_version=&#8221;3.25&#8243; background_size=&#8221;initial&#8221; background_position=&#8221;top_left&#8221; background_repeat=&#8221;repeat&#8221;][et_pb_column type=&#8221;4_4&#8243; _builder_version=&#8221;3.25&#8243; custom_padding=&#8221;|||&#8221; custom_padding__hover=&#8221;|||&#8221;][et_pb_text admin_label=&#8221;Text&#8221; _builder_version=&#8221;4.4.8&#8243; background_size=&#8221;initial&#8221; background_position=&#8221;top_left&#8221; background_repeat=&#8221;repeat&#8221;]Od samog po\u010detka po\u0161tujemo va\u0161u privatnost na na\u0161oj web stranici i \u0161titimo va\u0161e podatke.<\/p>\n<p>Djelujemo sukladno Zakonu o za\u0161titi osobnih podataka (ZVOP-1) i objavljivanjem ovih pravila, kao i Europskom uredbom o za\u0161titi podataka (GDPR).<\/p>\n<p>Obvezujemo se na za\u0161titu povjerljivosti osobnih podataka i privatnosti korisnika web stranice. Prikupljene osobne podatke z koristimo isklju\u010divo za pru\u017eanje usluga koje nudimo. Po\u0161tujemo povjerljivost osobnih podataka i privatnost korisnika web stranica, tako da \u0107emo u\u010diniti sve da ih za\u0161titimo od kr\u0161enja i zloupotrebe. Osobni podaci o korisnicima jedno je podru\u010dje kojemu posve\u0107ujemo dodatnu pa\u017enju i pozornost, budu\u0107i da smo svjesni osjetljivosti prirode ovog podru\u010dja.<\/p>\n<h2>Upravitelj osobnih podataka i kontaktni podaci<\/h2>\n<p>Ova se politika odnosi na obradu (upotrebu) svih osobnih podataka koje provodi tvrtka Logopak d.o.o. (upravitelj ) ili koje provodi u ime upravitelja.<br \/>\nInformacije o operatoru:<br \/>\nLogopak d.o.o.<br \/>\nU\u017ei\u0161ka ulica 4<br \/>\n2000 Maribor<br \/>\nPorezni broj: SI73436534<br \/>\nRegistracijski broj: 2223694000<br \/>\nTelefon: +386 2 614 11 60<br \/>\nE-mail: info@logopak.si<\/p>\n<h2>Kakve osobne podatke obra\u0111ujemo i prikupljamo<\/h2>\n<p><strong>Osnovni kontaktni podaci (podaci o identitetu)<\/strong><\/p>\n<ul>\n<li>ime i prezime, e-mail adresa i telefonski broj<\/li>\n<\/ul>\n<p><strong>Ostali podaci<\/strong><\/p>\n<ul>\n<li>koje korisnik dobrovoljno ulazi u kontakt obrazac<\/li>\n<\/ul>\n<p><strong>Tehni\u010dki podaci<\/strong><\/p>\n<ul>\n<li>Za sigurnost i provjeru prikupljamo IP adrese, informacije o operacijskom sustavu, pregledniku, operativnom sustavu, lokaciji va\u0161eg ure\u0111aja, vrsti ure\u0111aja kojom pristupate na\u0161oj web stranici i sli\u010dno.<\/li>\n<li>Kod posjeta s kola\u010di\u0107i s va\u0161im suglasjem, tako\u0111er prikupljamo podatke kako bismo pru\u017eili bolju funkcionalnost i korisni\u010dko iskustvo, sigurnost, brojanje broja korisnika na web stranici i osiguranje glatkog rada web stranice. Na po\u010detku posjeta korisniku dodijeljen je kola\u010di\u0107 sesije za identifikaciju i pra\u0107enje. Web stranica mo\u017ee pohraniti i druge kola\u010di\u0107e na korisni\u010dkom ra\u010dunalu, kao \u0161to je korisni\u010dki ID u \u0161ifriranom formatu (kako bi se identificirao korisnik pri sljede\u0107em posjetu) i kola\u010di\u0107e Google Analyticsa (analiza posjeta web stranici). Kola\u010di\u0107i sesije pohranjeni su u memoriji poslu\u017eitelja samo tijekom trajanja posjete i bri\u0161u se nakon sat vremena neaktivnosti, a trajni kola\u010di\u0107i se pohranjuju na ra\u010dunalu na 2 godine, a zatim postaju neaktivni.<\/li>\n<li>Nismo odgovorni za to\u010dnost, potpunost i aktualnost podataka koje unose korisnici.<\/li>\n<\/ul>\n<h2>Pravna osnova za obradu osobnih podataka<\/h2>\n<p>Va\u0161e osobne podatke mo\u017eemo obraditi na sljede\u0107im pravnim osnovama:<\/p>\n<ul>\n<li>gdje je to nu\u017eno za ispunjavanje na\u0161ih zakonskih obveza (npr. izdavanje prora\u010duna ili ra\u010duna za naru\u010denu uslugu, za upravljanje financijskim i ra\u010dunovodstvenim knjigama), ali to je pohranjeno samo na poslovnom ra\u010dunalu, a ne na web stranici;<\/li>\n<li>kada ste dali pristanak za obradu va\u0161ih osobnih podataka u svrhu obrade (e-vijesti), i imate pravo opozvati pristanak;<\/li>\n<li>upotrijebit \u0107emo pitanja koja nam po\u0161aljete putem na\u0161ih obrazaca za kontakt na web stranici ili e-mail adresi objavljenima na web mjestu, isklju\u010divo za rje\u0161avanje problema ili za pripremu odgovora na pitanje.<\/li>\n<\/ul>\n<h2>Svrha obrade osobnih podataka<\/h2>\n<p>Potrebno je izri\u010dito potvrditi sporazum i znati da ste svojim slanje va\u0161eg zahtjeva, komentara ili pitanja preko obrasca za kontakt unijeli svoje podatke koji izra\u017eavaju va\u0161e suglasnost i svijest o tome da va\u0161i podaci (ime i prezime, e-mail adresa, telefon broj) pohranjuju se radi ispravne komunikacije.<\/p>\n<p>Va\u0161e osobne podatke mo\u017eemo koristiti za jednu ili vi\u0161e sljede\u0107ih svrha:<\/p>\n<ul>\n<li>komuniciranje s vama u vezi s pru\u017eanjem na\u0161ih usluga i odgovora na va\u0161e upite i narud\u017ebe;<\/li>\n<li>za pravne zahtjeve i za rje\u0161enje sporova;<\/li>\n<li>marketin\u0161ke svrhe;<\/li>\n<li>za statisti\u010dku analizu kori\u0161tenja na\u0161e web stranice.<\/li>\n<\/ul>\n<h2>Kako prikupljamo osobne podatke<\/h2>\n<p>Podatke o vama prikupljamo na nekoliko na\u010dina:<\/p>\n<ul>\n<li>kad \u0161aljete upit;<\/li>\n<\/ul>\n<p>Automatski prikupljamo tehni\u010dke podatke.<br \/>\nGoogle nam pru\u017ea informacije koje ste mu omogu\u0107ili.<\/p>\n<h2>Tko ima pristup va\u0161im osobnim podacima<\/h2>\n<p>Imamo ekskluzivan pristup va\u0161im osobnim podacima.<br \/>\nOsim ako to zahtijevaju:<\/p>\n<ul>\n<li>ovla\u0161tene institucije, ako je to propisano zakonom (sud, itd.);<\/li>\n<li>uz va\u0161u suglasnost pru\u017eamo Google Analytics va\u0161e podatke putem kola\u010di\u0107a;<\/li>\n<li>ni na koji na\u010din ne prenosimo va\u0161e podatke neovla\u0161tenim tre\u0107im stranama.<\/li>\n<\/ul>\n<h2>Rokovi za zadr\u017eavanje osobnih podataka<\/h2>\n<p>Va\u0161i se osobni podaci pohranjuju i obra\u0111uju u onoj mjeri koja je potrebna za postizanje svrhe obrade i sve dok je to potrebno za dovr\u0161enje naru\u010denih usluga, a zatim u rokovima za obveze koje bi mogle proiza\u0107i iz obrade takvih osobnih podataka, obradu osobnih podataka nu\u017eno je u kontekstu sklapanja ili izvr\u0161enja ugovora.<br \/>\nZadr\u017eavamo podatke dobivene na temelju pristanka do otkaza.<br \/>\nU slu\u010dajevima kada je zakonom propisano rok za \u010duvanje osobnih podataka, podaci se \u010duvaju u skladu sa zakonskim zapovijedima.<\/p>\n<h2>Osiguravanje za\u0161tite<\/h2>\n<p>Na na\u0161im web stranicama koristimo nekoliko sigurnosnih sustava za za\u0161titu od gubitka, otkrivanja, ne\u017eeljenih izmjena ili zlouporabe podataka. Koristimo tehnologiju SSL (Secure Socket Layer) za prijenos svih osobnih podataka koji pru\u017eaju potrebnu za\u0161titu za\u0161tite podataka, \u010dime se osigurava sigurnost na\u0161ih kupaca dok se podaci prenose u bazu podataka.<br \/>\nSamo ovla\u0161tene osobe (zaposlenici, ugovorni partneri) imaju pristup prikupljenim osobnim podacima.<br \/>\nPomozite nam za\u0161tititi svoje osobne podatke osiguravaju\u0107i da su va\u0161e korisni\u010dko ime i lozinka sigurni.<\/p>\n<h2>Kola\u010di\u0107i<\/h2>\n<p>Kola\u010di\u0107i su tekstualne datoteke u\u010ditane na va\u0161e ra\u010dunalo od strane web servera i ne sadr\u017ee informacije koje bi mogle identificirati va\u0161 identitet. Pomo\u0107u tih server zna da ste se vratili na web stranicu, \u0161to se mo\u017ee koristiti za prilagodbu stranice korisniku.<br \/>\nAko ne \u017eelite imati na\u0161e kola\u010di\u0107e na svom ra\u010dunalu, imajte na umu da je pohrana kola\u010di\u0107a pod potpunom kontrolom va\u0161eg preglednika. Odabirom odgovaraju\u0107ih opcija u pregledniku mo\u017eete u bilo kojem trenutku ograni\u010diti ili onemogu\u0107iti pohranu kola\u010di\u0107a te u bilo kojem trenutku trajno izbrisati kola\u010di\u0107e na ure\u0111aju.<\/p>\n<h2>Google fonts<\/h2>\n<p>Na na\u0161oj web stranici koristimo Google Fonts tvrtke Google (1600 Amphitheater Parkway Mountain View, CA 94043, SAD). Google Fonts se upotrebljava bez provjere autenti\u010dnosti, a kola\u010di\u0107i se ne \u0161alju u API Google Fonts. Ako imate svoj Google ra\u010dun, va\u0161i podaci ne\u0107e se prenijeti tvrtki Google kada upotrebljavate Google Fonts Google registrira samo upotrebu CSS-a i upotrijebljenih fontova i sigurno pohranjuje te podatke. Vi\u0161e o ovim i drugim pitanjima mo\u017eete prona\u0107i na adresi&nbsp;<a href=\"https:\/\/developers.google.com\/fonts\/faq\">https:\/\/developers.google.com\/fonts\/faq<\/a>.<br \/>\nKakve informacije Google prikuplja i kako se te informacije upotrebljavaju mo\u017eete prona\u0107i na adresi&nbsp;<a href=\"https:\/\/policies.google.com\/privacy?hl=sl\">https:\/\/policies.google.com\/privacy?hl=sl<\/a>.<\/p>\n<h2>Va\u0161a prava<\/h2>\n<p>Naru\u010diteljem i korisnicima pru\u017eamo svu podr\u0161ku u ostvarivanju sljede\u0107ih prava:<\/p>\n<ul>\n<li>na ovoj stranici u potpunosti vas obavje\u0161tavamo o tome kako koristimo Va\u0161e osobne podatke;<\/li>\n<li>u odre\u0111enim slu\u010dajevima, mo\u017eete ostvariti i pravo brisanja osobnih podataka; me\u0111utim, ako ste kod nas naru\u010divali, imajte na umu da podatke trebamo \u010duvati u skladu sa zakonom;<\/li>\n<li>u odre\u0111enim slu\u010dajevima mo\u017eete zatra\u017eiti privremenu ili trajnu zabranu daljnje obrade va\u0161ih osobnih podataka u cijelosti ili djelomi\u010dno;<\/li>\n<li>na va\u0161 zahtjev \u0107emo Vam dostaviti va\u0161e prikupljene osobne podatke u elektroni\u010dkom obliku.<\/li>\n<\/ul>\n<p>Imate pravo na informacije o va\u0161im osobnim podacima, s kojima raspolagasmo, kao i pravu na brisanje tih podataka. Ako imate bilo kakvih pitanja u vezi brisanja, obrade ili kori\u0161tenja va\u0161ih podataka, kontaktirajte nas putem e-maila ili nam po\u0161aljite zahtjev na na\u0161u adresu.<br \/>\nNa va\u0161 zahtjev s kojim koristite va\u0161a prava u vezi s osobnim podacima moramo odgovoriti bez nepotrebnog ka\u0161njenja i najkasnije mjesec dana nakon primitka va\u0161eg zahtjeva.<\/p>\n<p>Sve promjene na\u0161e politike o privatnosti objaviti \u0107e se na ovoj web stranici.[\/et_pb_text][\/et_pb_column][\/et_pb_row][\/et_pb_section]<\/p>\n","protected":false},"excerpt":{"rendered":"<p>Od samog po\u010detka po\u0161tujemo va\u0161u privatnost na na\u0161oj web stranici i \u0161titimo va\u0161e podatke. Djelujemo sukladno Zakonu o za\u0161titi osobnih podataka (ZVOP-1) i objavljivanjem ovih pravila, kao i Europskom uredbom o za\u0161titi podataka (GDPR). Obvezujemo se na za\u0161titu povjerljivosti osobnih podataka i privatnosti korisnika web stranice. Prikupljene osobne podatke z koristimo isklju\u010divo za pru\u017eanje usluga [&hellip;]<\/p>\n","protected":false},"author":1,"featured_media":0,"parent":0,"menu_order":0,"comment_status":"closed","ping_status":"open","template":"","meta":{"_seopress_robots_primary_cat":"","_seopress_titles_title":"","_seopress_titles_desc":"","_seopress_robots_index":"","_et_pb_use_builder":"on","_et_pb_old_content":"<!-- wp:heading -->\n<h2>Who we are<\/h2>\n<!-- \/wp:heading -->\n\n<!-- wp:paragraph -->\n<p>Our website address is: https:\/\/www.logopak.si.<\/p>\n<!-- \/wp:paragraph -->\n\n<!-- wp:heading -->\n<h2>What personal data we collect and why we collect it<\/h2>\n<!-- \/wp:heading -->\n\n<!-- wp:heading {\"level\":3} -->\n<h3>Comments<\/h3>\n<!-- \/wp:heading -->\n\n<!-- wp:paragraph -->\n<p>When visitors leave comments on the site we collect the data shown in the comments form, and also the visitor\u2019s IP address and browser user agent string to help spam detection.<\/p>\n<!-- \/wp:paragraph -->\n\n<!-- wp:paragraph -->\n<p>An anonymized string created from your email address (also called a hash) may be provided to the Gravatar service to see if you are using it. The Gravatar service privacy policy is available here: https:\/\/automattic.com\/privacy\/. After approval of your comment, your profile picture is visible to the public in the context of your comment.<\/p>\n<!-- \/wp:paragraph -->\n\n<!-- wp:heading {\"level\":3} -->\n<h3>Media<\/h3>\n<!-- \/wp:heading -->\n\n<!-- wp:paragraph -->\n<p>If you upload images to the website, you should avoid uploading images with embedded location data (EXIF GPS) included. Visitors to the website can download and extract any location data from images on the website.<\/p>\n<!-- \/wp:paragraph -->\n\n<!-- wp:heading {\"level\":3} -->\n<h3>Contact forms<\/h3>\n<!-- \/wp:heading -->\n\n<!-- wp:heading {\"level\":3} -->\n<h3>Cookies<\/h3>\n<!-- \/wp:heading -->\n\n<!-- wp:paragraph -->\n<p>If you leave a comment on our site you may opt-in to saving your name, email address and website in cookies. These are for your convenience so that you do not have to fill in your details again when you leave another comment. These cookies will last for one year.<\/p>\n<!-- \/wp:paragraph -->\n\n<!-- wp:paragraph -->\n<p>If you visit our login page, we will set a temporary cookie to determine if your browser accepts cookies. This cookie contains no personal data and is discarded when you close your browser.<\/p>\n<!-- \/wp:paragraph -->\n\n<!-- wp:paragraph -->\n<p>When you log in, we will also set up several cookies to save your login information and your screen display choices. Login cookies last for two days, and screen options cookies last for a year. If you select \"Remember Me\", your login will persist for two weeks. If you log out of your account, the login cookies will be removed.<\/p>\n<!-- \/wp:paragraph -->\n\n<!-- wp:paragraph -->\n<p>If you edit or publish an article, an additional cookie will be saved in your browser. This cookie includes no personal data and simply indicates the post ID of the article you just edited. It expires after 1 day.<\/p>\n<!-- \/wp:paragraph -->\n\n<!-- wp:heading {\"level\":3} -->\n<h3>Embedded content from other websites<\/h3>\n<!-- \/wp:heading -->\n\n<!-- wp:paragraph -->\n<p>Articles on this site may include embedded content (e.g. videos, images, articles, etc.). Embedded content from other websites behaves in the exact same way as if the visitor has visited the other website.<\/p>\n<!-- \/wp:paragraph -->\n\n<!-- wp:paragraph -->\n<p>These websites may collect data about you, use cookies, embed additional third-party tracking, and monitor your interaction with that embedded content, including tracking your interaction with the embedded content if you have an account and are logged in to that website.<\/p>\n<!-- \/wp:paragraph -->\n\n<!-- wp:heading {\"level\":3} -->\n<h3>Analytics<\/h3>\n<!-- \/wp:heading -->\n\n<!-- wp:heading -->\n<h2>Who we share your data with<\/h2>\n<!-- \/wp:heading -->\n\n<!-- wp:heading -->\n<h2>How long we retain your data<\/h2>\n<!-- \/wp:heading -->\n\n<!-- wp:paragraph -->\n<p>If you leave a comment, the comment and its metadata are retained indefinitely. This is so we can recognize and approve any follow-up comments automatically instead of holding them in a moderation queue.<\/p>\n<!-- \/wp:paragraph -->\n\n<!-- wp:paragraph -->\n<p>For users that register on our website (if any), we also store the personal information they provide in their user profile. All users can see, edit, or delete their personal information at any time (except they cannot change their username). Website administrators can also see and edit that information.<\/p>\n<!-- \/wp:paragraph -->\n\n<!-- wp:heading -->\n<h2>What rights you have over your data<\/h2>\n<!-- \/wp:heading -->\n\n<!-- wp:paragraph -->\n<p>If you have an account on this site, or have left comments, you can request to receive an exported file of the personal data we hold about you, including any data you have provided to us. You can also request that we erase any personal data we hold about you. This does not include any data we are obliged to keep for administrative, legal, or security purposes.<\/p>\n<!-- \/wp:paragraph -->\n\n<!-- wp:heading -->\n<h2>Where we send your data<\/h2>\n<!-- \/wp:heading -->\n\n<!-- wp:paragraph -->\n<p>Visitor comments may be checked through an automated spam detection service.<\/p>\n<!-- \/wp:paragraph -->\n\n<!-- wp:heading -->\n<h2>Your contact information<\/h2>\n<!-- \/wp:heading -->\n\n<!-- wp:heading -->\n<h2>Additional information<\/h2>\n<!-- \/wp:heading -->\n\n<!-- wp:heading {\"level\":3} -->\n<h3>How we protect your data<\/h3>\n<!-- \/wp:heading -->\n\n<!-- wp:heading {\"level\":3} -->\n<h3>What data breach procedures we have in place<\/h3>\n<!-- \/wp:heading -->\n\n<!-- wp:heading {\"level\":3} -->\n<h3>What third parties we receive data from<\/h3>\n<!-- \/wp:heading -->\n\n<!-- wp:heading {\"level\":3} -->\n<h3>What automated decision making and\/or profiling we do with user data<\/h3>\n<!-- \/wp:heading -->\n\n<!-- wp:heading {\"level\":3} -->\n<h3>Industry regulatory disclosure requirements<\/h3>\n<!-- \/wp:heading -->","_et_gb_content_width":"1100","footnotes":""},"class_list":["post-1261","page","type-page","status-publish","hentry"],"_links":{"self":[{"href":"https:\/\/www.logopak.si\/hr\/wp-json\/wp\/v2\/pages\/1261","targetHints":{"allow":["GET"]}}],"collection":[{"href":"https:\/\/www.logopak.si\/hr\/wp-json\/wp\/v2\/pages"}],"about":[{"href":"https:\/\/www.logopak.si\/hr\/wp-json\/wp\/v2\/types\/page"}],"author":[{"embeddable":true,"href":"https:\/\/www.logopak.si\/hr\/wp-json\/wp\/v2\/users\/1"}],"replies":[{"embeddable":true,"href":"https:\/\/www.logopak.si\/hr\/wp-json\/wp\/v2\/comments?post=1261"}],"version-history":[{"count":7,"href":"https:\/\/www.logopak.si\/hr\/wp-json\/wp\/v2\/pages\/1261\/revisions"}],"predecessor-version":[{"id":1276,"href":"https:\/\/www.logopak.si\/hr\/wp-json\/wp\/v2\/pages\/1261\/revisions\/1276"}],"wp:attachment":[{"href":"https:\/\/www.logopak.si\/hr\/wp-json\/wp\/v2\/media?parent=1261"}],"curies":[{"name":"wp","href":"https:\/\/api.w.org\/{rel}","templated":true}]}}