{"id":1237,"date":"2020-07-27T13:09:53","date_gmt":"2020-07-27T11:09:53","guid":{"rendered":"https:\/\/www.logopak.si\/?page_id=1237"},"modified":"2020-07-27T13:12:01","modified_gmt":"2020-07-27T11:12:01","slug":"pakiranje-u-vrecice","status":"publish","type":"page","link":"https:\/\/www.logopak.si\/hr\/prodajni-program\/rezanje-i-pakiranje\/pakiranje-u-vrecice\/","title":{"rendered":"Pakiranje u vre\u0107ice"},"content":{"rendered":"<p>[et_pb_section fb_built=&#8221;1&#8243; _builder_version=&#8221;4.4.1&#8243; use_background_color_gradient=&#8221;on&#8221; background_color_gradient_start=&#8221;#eeeeee&#8221; background_color_gradient_end=&#8221;#ffffff&#8221; background_image=&#8221;https:\/\/www.logopak.si\/wp-content\/uploads\/title-back32.png&#8221; background_size=&#8221;contain&#8221; background_position=&#8221;top_right&#8221; custom_padding=&#8221;||45px|||&#8221; saved_tabs=&#8221;all&#8221;][et_pb_row column_structure=&#8221;3_5,2_5&#8243; _builder_version=&#8221;4.4.1&#8243; custom_padding=&#8221;49px||0px||false|false&#8221;][et_pb_column type=&#8221;3_5&#8243; _builder_version=&#8221;4.4.1&#8243;][et_pb_post_title meta=&#8221;off&#8221; featured_image=&#8221;off&#8221; _builder_version=&#8221;4.4.1&#8243; title_font_size=&#8221;32px&#8221; custom_margin=&#8221;||7px||false|false&#8221;][\/et_pb_post_title][et_pb_divider divider_weight=&#8221;4px&#8221; _builder_version=&#8221;4.4.1&#8243; width=&#8221;100px&#8221; custom_margin=&#8221;||0px||false|false&#8221; animation_style=&#8221;slide&#8221; animation_direction=&#8221;right&#8221; animation_intensity_slide=&#8221;39%&#8221;][\/et_pb_divider][et_pb_image src=&#8221;https:\/\/www.logopak.si\/wp-content\/uploads\/hoa-logo-1.png&#8221; url=&#8221;http:\/\/hoba.ws\/en\/&#8221; url_new_window=&#8221;on&#8221; _builder_version=&#8221;4.4.2&#8243;][\/et_pb_image][\/et_pb_column][et_pb_column type=&#8221;2_5&#8243; _builder_version=&#8221;4.4.1&#8243;][\/et_pb_column][\/et_pb_row][\/et_pb_section][et_pb_section fb_built=&#8221;1&#8243; _builder_version=&#8221;4.4.1&#8243; custom_padding=&#8221;19px||22px||false|false&#8221;][et_pb_row column_structure=&#8221;2_3,1_3&#8243; make_equal=&#8221;on&#8221; admin_label=&#8221;row&#8221; _builder_version=&#8221;4.4.2&#8243; background_enable_image=&#8221;off&#8221; background_size=&#8221;initial&#8221; custom_padding=&#8221;37px||37px||true|false&#8221; border_width_bottom=&#8221;1px&#8221; border_color_bottom=&#8221;#dddddd&#8221;][et_pb_column type=&#8221;2_3&#8243; module_class=&#8221;ds-vertical-align&#8221; _builder_version=&#8221;4.4.2&#8243; custom_padding=&#8221;|||&#8221; custom_padding__hover=&#8221;|||&#8221;][et_pb_text _builder_version=&#8221;4.4.8&#8243; header_2_font=&#8221;|||on|||||&#8221; hover_enabled=&#8221;0&#8243;]<\/p>\n<h2>Poluautomatsko pakiranje<\/h2>\n<ul>\n<li>Otvara\u010d vre\u0107ica HBB,<\/li>\n<li>Kombinacija s klipsericom HPL20.<\/li>\n<\/ul>\n<p>[\/et_pb_text][\/et_pb_column][et_pb_column type=&#8221;1_3&#8243; module_class=&#8221;ds-vertical-align&#8221; _builder_version=&#8221;4.4.2&#8243; custom_padding=&#8221;|||&#8221; custom_padding__hover=&#8221;|||&#8221;][et_pb_image src=&#8221;https:\/\/www.logopak.si\/wp-content\/uploads\/hoba5.jpg&#8221; _builder_version=&#8221;4.4.2&#8243;][\/et_pb_image][\/et_pb_column][\/et_pb_row][et_pb_row column_structure=&#8221;2_3,1_3&#8243; make_equal=&#8221;on&#8221; admin_label=&#8221;row&#8221; _builder_version=&#8221;4.4.2&#8243; background_enable_image=&#8221;off&#8221; background_size=&#8221;initial&#8221; custom_margin=&#8221;47px|auto||auto||&#8221; custom_padding=&#8221;17px||17px||true|false&#8221;][et_pb_column type=&#8221;2_3&#8243; module_class=&#8221;ds-vertical-align&#8221; _builder_version=&#8221;4.4.2&#8243; custom_padding=&#8221;|||&#8221; custom_padding__hover=&#8221;|||&#8221;][et_pb_text _builder_version=&#8221;4.4.8&#8243; header_2_font=&#8221;|||on|||||&#8221; hover_enabled=&#8221;0&#8243;]<\/p>\n<h2>Automatsko pakiranje<\/h2>\n<ul>\n<li>Model HBS sa sustavom \u010detiriju potiskiva\u010da,<\/li>\n<li>Prikladan za povezivanje s reza\u010dem i klipsericom,<\/li>\n<li>Visokokvalitetan stroj, prikladan za pakiranje rezanih i nerezanih kruhova u vre\u0107ice,<\/li>\n<li>Kompaktan stroj jednostavnog rukovanja, s minimalnim odr\u017eavanjem,<\/li>\n<li>Kapacitet do 3.000 kom\/h,<\/li>\n<li>Dobavljiv u lijevoj i desnoj izvedbi,<\/li>\n<li>Sve mehani\u010dke izmjene su izvedene s kota\u010dima i indikatorima,<\/li>\n<li>Foto\u0107elija za kontrolu zadnje vre\u0107ice i kontrolu otvorenosti\/zatvorenosti vre\u0107ice,<\/li>\n<li>Inverter za sinkronizaciju brzine cijele linije,<\/li>\n<li>Automatska regulacija radne visine vre\u0107ice,<\/li>\n<li>Zaslon na dodir za pode\u0161avanje parametara te prikaz alarma i drugih informacija.<\/li>\n<\/ul>\n<p>[\/et_pb_text][\/et_pb_column][et_pb_column type=&#8221;1_3&#8243; module_class=&#8221;ds-vertical-align&#8221; _builder_version=&#8221;4.4.2&#8243; custom_padding=&#8221;|||&#8221; custom_padding__hover=&#8221;|||&#8221;][et_pb_image src=&#8221;https:\/\/www.logopak.si\/wp-content\/uploads\/hoba6.jpg&#8221; _builder_version=&#8221;4.4.2&#8243;][\/et_pb_image][et_pb_image src=&#8221;https:\/\/www.logopak.si\/wp-content\/uploads\/hoba7.jpg&#8221; _builder_version=&#8221;4.4.2&#8243;][\/et_pb_image][\/et_pb_column][\/et_pb_row][\/et_pb_section]<\/p>\n","protected":false},"excerpt":{"rendered":"<p>Poluautomatsko pakiranje Otvara\u010d vre\u0107ica HBB, Kombinacija s klipsericom HPL20. Automatsko pakiranje Model HBS sa sustavom \u010detiriju potiskiva\u010da, Prikladan za povezivanje s reza\u010dem i klipsericom, Visokokvalitetan stroj, prikladan za pakiranje rezanih i nerezanih kruhova u vre\u0107ice, Kompaktan stroj jednostavnog rukovanja, s minimalnim odr\u017eavanjem, Kapacitet do 3.000 kom\/h, Dobavljiv u lijevoj i desnoj izvedbi, Sve mehani\u010dke izmjene [&hellip;]<\/p>\n","protected":false},"author":1,"featured_media":0,"parent":1233,"menu_order":0,"comment_status":"closed","ping_status":"closed","template":"","meta":{"_seopress_robots_primary_cat":"","_seopress_titles_title":"","_seopress_titles_desc":"","_seopress_robots_index":"","_et_pb_use_builder":"on","_et_pb_old_content":"","_et_gb_content_width":"","footnotes":""},"class_list":["post-1237","page","type-page","status-publish","hentry"],"_links":{"self":[{"href":"https:\/\/www.logopak.si\/hr\/wp-json\/wp\/v2\/pages\/1237","targetHints":{"allow":["GET"]}}],"collection":[{"href":"https:\/\/www.logopak.si\/hr\/wp-json\/wp\/v2\/pages"}],"about":[{"href":"https:\/\/www.logopak.si\/hr\/wp-json\/wp\/v2\/types\/page"}],"author":[{"embeddable":true,"href":"https:\/\/www.logopak.si\/hr\/wp-json\/wp\/v2\/users\/1"}],"replies":[{"embeddable":true,"href":"https:\/\/www.logopak.si\/hr\/wp-json\/wp\/v2\/comments?post=1237"}],"version-history":[{"count":2,"href":"https:\/\/www.logopak.si\/hr\/wp-json\/wp\/v2\/pages\/1237\/revisions"}],"predecessor-version":[{"id":1240,"href":"https:\/\/www.logopak.si\/hr\/wp-json\/wp\/v2\/pages\/1237\/revisions\/1240"}],"up":[{"embeddable":true,"href":"https:\/\/www.logopak.si\/hr\/wp-json\/wp\/v2\/pages\/1233"}],"wp:attachment":[{"href":"https:\/\/www.logopak.si\/hr\/wp-json\/wp\/v2\/media?parent=1237"}],"curies":[{"name":"wp","href":"https:\/\/api.w.org\/{rel}","templated":true}]}}