{"id":1229,"date":"2020-07-27T13:02:53","date_gmt":"2020-07-27T11:02:53","guid":{"rendered":"https:\/\/www.logopak.si\/?page_id=1229"},"modified":"2020-07-27T13:05:16","modified_gmt":"2020-07-27T11:05:16","slug":"multivage","status":"publish","type":"page","link":"https:\/\/www.logopak.si\/hr\/prodajni-program\/flow-pack-pakiranje\/multivage\/","title":{"rendered":"Multivage"},"content":{"rendered":"<p>[et_pb_section fb_built=&#8221;1&#8243; _builder_version=&#8221;4.4.1&#8243; use_background_color_gradient=&#8221;on&#8221; background_color_gradient_start=&#8221;#eeeeee&#8221; background_color_gradient_end=&#8221;#ffffff&#8221; background_image=&#8221;https:\/\/www.logopak.si\/wp-content\/uploads\/title-back32.png&#8221; background_size=&#8221;contain&#8221; background_position=&#8221;top_right&#8221; custom_padding=&#8221;||45px|||&#8221; saved_tabs=&#8221;all&#8221;][et_pb_row column_structure=&#8221;3_5,2_5&#8243; _builder_version=&#8221;4.4.1&#8243; custom_padding=&#8221;49px||0px||false|false&#8221;][et_pb_column type=&#8221;3_5&#8243; _builder_version=&#8221;4.4.1&#8243;][et_pb_post_title meta=&#8221;off&#8221; featured_image=&#8221;off&#8221; _builder_version=&#8221;4.4.1&#8243; title_font_size=&#8221;32px&#8221; custom_margin=&#8221;||7px||false|false&#8221;][\/et_pb_post_title][et_pb_divider divider_weight=&#8221;4px&#8221; _builder_version=&#8221;4.4.1&#8243; width=&#8221;100px&#8221; custom_margin=&#8221;||0px||false|false&#8221; animation_style=&#8221;slide&#8221; animation_direction=&#8221;right&#8221; animation_intensity_slide=&#8221;39%&#8221;][\/et_pb_divider][\/et_pb_column][et_pb_column type=&#8221;2_5&#8243; _builder_version=&#8221;4.4.1&#8243;][\/et_pb_column][\/et_pb_row][et_pb_row column_structure=&#8221;1_6,1_6,1_6,1_6,1_6,1_6&#8243; make_equal=&#8221;on&#8221; _builder_version=&#8221;4.4.2&#8243;][et_pb_column type=&#8221;1_6&#8243; module_class=&#8221;ds-vertical-align&#8221; _builder_version=&#8221;4.4.2&#8243;][et_pb_image src=&#8221;https:\/\/www.logopak.si\/wp-content\/uploads\/pfm-logo-200.png&#8221; url=&#8221;https:\/\/www.pfm.it\/en\/&#8221; url_new_window=&#8221;on&#8221; _builder_version=&#8221;4.4.2&#8243;][\/et_pb_image][\/et_pb_column][et_pb_column type=&#8221;1_6&#8243; module_class=&#8221;ds-vertical-align&#8221; _builder_version=&#8221;4.4.2&#8243;][et_pb_image src=&#8221;https:\/\/www.logopak.si\/wp-content\/uploads\/SPS_logo.png&#8221; url=&#8221;https:\/\/www.spspack.com\/en\/&#8221; url_new_window=&#8221;on&#8221; _builder_version=&#8221;4.4.2&#8243;][\/et_pb_image][\/et_pb_column][et_pb_column type=&#8221;1_6&#8243; module_class=&#8221;ds-vertical-align&#8221; _builder_version=&#8221;4.4.2&#8243;][et_pb_image src=&#8221;https:\/\/www.logopak.si\/wp-content\/uploads\/MBP_logo.png&#8221; url=&#8221;https:\/\/www.mbp.it\/en\/&#8221; url_new_window=&#8221;on&#8221; _builder_version=&#8221;4.4.2&#8243;][\/et_pb_image][\/et_pb_column][et_pb_column type=&#8221;1_6&#8243; module_class=&#8221;ds-vertical-align&#8221; _builder_version=&#8221;4.4.2&#8243;][et_pb_image src=&#8221;https:\/\/www.logopak.si\/wp-content\/uploads\/logo-bgpack-200px.png&#8221; url=&#8221;https:\/\/www.bgpack.it\/en\/&#8221; url_new_window=&#8221;on&#8221; _builder_version=&#8221;4.4.2&#8243;][\/et_pb_image][\/et_pb_column][et_pb_column type=&#8221;1_6&#8243; _builder_version=&#8221;4.4.2&#8243;][\/et_pb_column][et_pb_column type=&#8221;1_6&#8243; _builder_version=&#8221;4.4.2&#8243;][\/et_pb_column][\/et_pb_row][\/et_pb_section][et_pb_section fb_built=&#8221;1&#8243; _builder_version=&#8221;4.4.1&#8243; custom_padding=&#8221;92px||22px||false|false&#8221;][et_pb_row column_structure=&#8221;2_3,1_3&#8243; make_equal=&#8221;on&#8221; admin_label=&#8221;row&#8221; _builder_version=&#8221;4.4.2&#8243; background_enable_image=&#8221;off&#8221; background_size=&#8221;initial&#8221; custom_padding=&#8221;36px||36px||true|false&#8221; border_width_bottom=&#8221;1px&#8221; border_color_bottom=&#8221;#dddddd&#8221;][et_pb_column type=&#8221;2_3&#8243; module_class=&#8221;ds-vertical-align&#8221; _builder_version=&#8221;4.4.2&#8243; custom_padding=&#8221;|||&#8221; custom_padding__hover=&#8221;|||&#8221;][et_pb_text _builder_version=&#8221;4.4.8&#8243; hover_enabled=&#8221;0&#8243;]<\/p>\n<h2>SERIJA C1<\/h2>\n<p>MBP Series C1 je kombinirana vi\u0161eglava vaga za po\u010detnu razinu koja ima odli\u010dan omjer brzine i preciznosti koje se posti\u017ee zahvaljuju\u0107i iznimno niskom \u201evremenu regeneracije te\u017eine\u201c.<\/p>\n<ul>\n<li>Odvojivi i zamjenjivi moduli,<\/li>\n<li>Glatka struktura koju je mogu\u0107e o\u010distiti, bez skrivenih pukotina,<\/li>\n<li>Vibracijske podloge s optimalnim, preciznim kutevima vibracija,<\/li>\n<li>Cijevni okvir od \u010delika s jednom elektroni\u010dkom nadzornom plo\u010dom. Jednostavno \u010di\u0161\u0107enje i dezinficiranje, brzo odstranjivanje pomi\u010dnih dijelova.<\/li>\n<\/ul>\n<p>[\/et_pb_text][\/et_pb_column][et_pb_column type=&#8221;1_3&#8243; module_class=&#8221;ds-vertical-align&#8221; _builder_version=&#8221;4.4.2&#8243; custom_padding=&#8221;|||&#8221; custom_padding__hover=&#8221;|||&#8221;][et_pb_image src=&#8221;https:\/\/www.logopak.si\/wp-content\/uploads\/pfm16.jpg&#8221; _builder_version=&#8221;4.4.2&#8243;][\/et_pb_image][\/et_pb_column][\/et_pb_row][et_pb_row column_structure=&#8221;2_3,1_3&#8243; make_equal=&#8221;on&#8221; admin_label=&#8221;row&#8221; _builder_version=&#8221;4.4.2&#8243; background_enable_image=&#8221;off&#8221; background_size=&#8221;initial&#8221; custom_padding=&#8221;31px||31px||true|false&#8221; border_width_bottom=&#8221;1px&#8221; border_color_bottom=&#8221;#dddddd&#8221;][et_pb_column type=&#8221;2_3&#8243; module_class=&#8221;ds-vertical-align&#8221; _builder_version=&#8221;4.4.2&#8243; custom_padding=&#8221;|||&#8221; custom_padding__hover=&#8221;|||&#8221;][et_pb_text _builder_version=&#8221;4.4.8&#8243; hover_enabled=&#8221;0&#8243;]<\/p>\n<h2>SERIJA C2<\/h2>\n<p>Oblikovana za brzo i visokoprecizno vaganje razli\u010ditih vrsta granuliranih proizvoda, serija C2 je plod 20-godi\u0161njih istra\u017eivanja, razvoja i oblikovanja. Odli\u010dan omjer brzine i preciznosti omogu\u0107uje ve\u0107e u\u0161tede i sigurnost pri radu.<\/p>\n<ul>\n<li>Nadzire se preko industrijskog ra\u010dunala s procesorom iznimno visokih performansi,<\/li>\n<li>Odvojivi i zamjenjivi moduli,<\/li>\n<li>U\u010dinkovite i precizne vibracijske podloge,<\/li>\n<li>IP66,<\/li>\n<li>Strojna oprema sa stabilnim i pouzdanim procesorom visokih performansi (uvijek nove generacije). CAN-Open \u017ei\u010dana mre\u017ea za\u0161ti\u0107ena od elektromagnetskih smetnji.<\/li>\n<\/ul>\n<p>[\/et_pb_text][\/et_pb_column][et_pb_column type=&#8221;1_3&#8243; module_class=&#8221;ds-vertical-align&#8221; _builder_version=&#8221;4.4.2&#8243; custom_padding=&#8221;|||&#8221; custom_padding__hover=&#8221;|||&#8221;][et_pb_image src=&#8221;https:\/\/www.logopak.si\/wp-content\/uploads\/pfm17.jpg&#8221; _builder_version=&#8221;4.4.2&#8243;][\/et_pb_image][\/et_pb_column][\/et_pb_row][et_pb_row column_structure=&#8221;2_3,1_3&#8243; make_equal=&#8221;on&#8221; admin_label=&#8221;row&#8221; _builder_version=&#8221;4.4.2&#8243; background_enable_image=&#8221;off&#8221; background_size=&#8221;initial&#8221; custom_padding=&#8221;31px||31px||false|false&#8221; border_color_bottom=&#8221;#dddddd&#8221;][et_pb_column type=&#8221;2_3&#8243; module_class=&#8221;ds-vertical-align&#8221; _builder_version=&#8221;4.4.2&#8243; custom_padding=&#8221;|||&#8221; custom_padding__hover=&#8221;|||&#8221;][et_pb_text _builder_version=&#8221;4.4.8&#8243; hover_enabled=&#8221;0&#8243;]<\/p>\n<h2>SERIJA C4<\/h2>\n<p>Za razliku od obi\u010dnih vaga s vi\u0161e glava, serija C4 ima usporedne kanale za vaganje koje odli\u010dno napajaju 2 vibriraju\u0107e plo\u010dice za slaganje. Za spajanje utega kao kod tradicionalnih vi\u0161eglavih vaga vrijede jednaka mjerila, dok odsutnost kanala za spu\u0161tanje proizvoda sprje\u010dava o\u0161te\u0107enje krhkih proizvoda.<\/p>\n<ul>\n<li>Dva odvojiva remena koja je mogu\u0107e o\u010distiti i dezinficirati uklanjaju proizvode iz vaganih vedara, a mogu se izravno povezati s okomitim pakirnim strojem,<\/li>\n<li>Visina pada se u\u010dinkovito smanjuje na najmanju mogu\u0107u mjeru, \u0161to omogu\u0107uje posebnu obradu osjetljivih proizvoda,<\/li>\n<li>Struktura nehr\u0111aju\u0107eg \u010delika AISI 304 i mehani\u010dki zavr\u0161etci sa za\u0161titnim stupnjem IP66 zna\u010de da se strojevi mogu oprati pomo\u0107u vodenih mlazova pod tlakom,<\/li>\n<li>Serija C4 je dostupna u razli\u010ditim verzijama, a broj \u017elica ovisi o potrebnoj brzini\/preciznosti,<\/li>\n<li>\u0160esteroglava verzija s memorijskim \u0107elijama dosti\u017ee 70 vaganja na minutu.<\/li>\n<\/ul>\n<p>[\/et_pb_text][\/et_pb_column][et_pb_column type=&#8221;1_3&#8243; module_class=&#8221;ds-vertical-align&#8221; _builder_version=&#8221;4.4.2&#8243; custom_padding=&#8221;|||&#8221; custom_padding__hover=&#8221;|||&#8221;][et_pb_image src=&#8221;https:\/\/www.logopak.si\/wp-content\/uploads\/pfm18.jpg&#8221; _builder_version=&#8221;4.4.2&#8243;][\/et_pb_image][\/et_pb_column][\/et_pb_row][\/et_pb_section]<\/p>\n","protected":false},"excerpt":{"rendered":"<p>SERIJA C1 MBP Series C1 je kombinirana vi\u0161eglava vaga za po\u010detnu razinu koja ima odli\u010dan omjer brzine i preciznosti koje se posti\u017ee zahvaljuju\u0107i iznimno niskom \u201evremenu regeneracije te\u017eine\u201c. Odvojivi i zamjenjivi moduli, Glatka struktura koju je mogu\u0107e o\u010distiti, bez skrivenih pukotina, Vibracijske podloge s optimalnim, preciznim kutevima vibracija, Cijevni okvir od \u010delika s jednom elektroni\u010dkom [&hellip;]<\/p>\n","protected":false},"author":1,"featured_media":0,"parent":1212,"menu_order":0,"comment_status":"closed","ping_status":"closed","template":"","meta":{"_seopress_robots_primary_cat":"","_seopress_titles_title":"","_seopress_titles_desc":"","_seopress_robots_index":"","_et_pb_use_builder":"on","_et_pb_old_content":"","_et_gb_content_width":"","footnotes":""},"class_list":["post-1229","page","type-page","status-publish","hentry"],"_links":{"self":[{"href":"https:\/\/www.logopak.si\/hr\/wp-json\/wp\/v2\/pages\/1229","targetHints":{"allow":["GET"]}}],"collection":[{"href":"https:\/\/www.logopak.si\/hr\/wp-json\/wp\/v2\/pages"}],"about":[{"href":"https:\/\/www.logopak.si\/hr\/wp-json\/wp\/v2\/types\/page"}],"author":[{"embeddable":true,"href":"https:\/\/www.logopak.si\/hr\/wp-json\/wp\/v2\/users\/1"}],"replies":[{"embeddable":true,"href":"https:\/\/www.logopak.si\/hr\/wp-json\/wp\/v2\/comments?post=1229"}],"version-history":[{"count":2,"href":"https:\/\/www.logopak.si\/hr\/wp-json\/wp\/v2\/pages\/1229\/revisions"}],"predecessor-version":[{"id":1232,"href":"https:\/\/www.logopak.si\/hr\/wp-json\/wp\/v2\/pages\/1229\/revisions\/1232"}],"up":[{"embeddable":true,"href":"https:\/\/www.logopak.si\/hr\/wp-json\/wp\/v2\/pages\/1212"}],"wp:attachment":[{"href":"https:\/\/www.logopak.si\/hr\/wp-json\/wp\/v2\/media?parent=1229"}],"curies":[{"name":"wp","href":"https:\/\/api.w.org\/{rel}","templated":true}]}}