{"id":1204,"date":"2020-07-27T12:18:59","date_gmt":"2020-07-27T10:18:59","guid":{"rendered":"https:\/\/www.logopak.si\/?page_id=1204"},"modified":"2020-07-27T12:20:24","modified_gmt":"2020-07-27T10:20:24","slug":"zavarivanje-vrecica","status":"publish","type":"page","link":"https:\/\/www.logopak.si\/hr\/prodajni-program\/automatske-pakirne-linije\/zavarivanje-vrecica\/","title":{"rendered":"Zavarivanje vre\u0107ica"},"content":{"rendered":"<p>[et_pb_section fb_built=&#8221;1&#8243; _builder_version=&#8221;4.4.1&#8243; use_background_color_gradient=&#8221;on&#8221; background_color_gradient_start=&#8221;#eeeeee&#8221; background_color_gradient_end=&#8221;#ffffff&#8221; background_image=&#8221;https:\/\/www.logopak.si\/wp-content\/uploads\/title-back32.png&#8221; background_size=&#8221;contain&#8221; background_position=&#8221;top_right&#8221; custom_padding=&#8221;||45px|||&#8221; saved_tabs=&#8221;all&#8221;][et_pb_row column_structure=&#8221;3_5,2_5&#8243; _builder_version=&#8221;4.4.1&#8243; custom_padding=&#8221;49px||0px||false|false&#8221;][et_pb_column type=&#8221;3_5&#8243; _builder_version=&#8221;4.4.1&#8243;][et_pb_post_title meta=&#8221;off&#8221; featured_image=&#8221;off&#8221; _builder_version=&#8221;4.4.1&#8243; title_font_size=&#8221;32px&#8221; custom_margin=&#8221;||7px||false|false&#8221;][\/et_pb_post_title][et_pb_divider divider_weight=&#8221;4px&#8221; _builder_version=&#8221;4.4.1&#8243; width=&#8221;100px&#8221; custom_margin=&#8221;||0px||false|false&#8221; animation_style=&#8221;slide&#8221; animation_direction=&#8221;right&#8221; animation_intensity_slide=&#8221;39%&#8221;][\/et_pb_divider][et_pb_image src=&#8221;https:\/\/www.logopak.si\/wp-content\/uploads\/niverplast-logo-1.png&#8221; url=&#8221;https:\/\/niverplast.com\/&#8221; url_new_window=&#8221;on&#8221; _builder_version=&#8221;4.4.2&#8243;][\/et_pb_image][\/et_pb_column][et_pb_column type=&#8221;2_5&#8243; _builder_version=&#8221;4.4.1&#8243;][\/et_pb_column][\/et_pb_row][\/et_pb_section][et_pb_section fb_built=&#8221;1&#8243; _builder_version=&#8221;4.4.1&#8243; custom_padding=&#8221;19px||22px||false|false&#8221;][et_pb_row column_structure=&#8221;2_3,1_3&#8243; make_equal=&#8221;on&#8221; admin_label=&#8221;row&#8221; _builder_version=&#8221;4.4.2&#8243; background_enable_image=&#8221;off&#8221; background_size=&#8221;initial&#8221; custom_padding=&#8221;17px||17px||true|false&#8221;][et_pb_column type=&#8221;2_3&#8243; module_class=&#8221;ds-vertical-align&#8221; _builder_version=&#8221;4.4.2&#8243; custom_padding=&#8221;|||&#8221; custom_padding__hover=&#8221;|||&#8221;][et_pb_text _builder_version=&#8221;4.4.8&#8243; hover_enabled=&#8221;0&#8243;]<\/p>\n<h2>STROJ ZA ZAVARIVANJE VRE\u0106ICA VARIOSEAL<\/h2>\n<ul>\n<li>Do 12 kartona ili sanduka na minutu, <\/li>\n<li>Dodavanje, mijenjanje i spremanje programa za razli\u010dite vre\u0107ice,<\/li>\n<li>Neprekinut rad,<\/li>\n<li>Kompaktna konstrukcija,<\/li>\n<li>Lijeva ili desna izvedba stroja, <\/li>\n<li>HD vizualizacija gre\u0161ki i funkcija stroja na panelu,<\/li>\n<li>Pouzdan stroj s niskim operativnim tro\u0161kovima, <\/li>\n<li>Samostalni ili linijski rad stroja,<\/li>\n<li>Izrada na zahtjev (\u201ecustom made\u201c),<\/li>\n<li>Mogu\u0107nost presavijanja vre\u0107ice,<\/li>\n<li>Mogu\u0107nost integrirane kontrole te\u017eine odvajanjem, <\/li>\n<li>Mogu\u0107nost integracije lijepitelja kartona,<\/li>\n<li>Mogu\u0107nost pakiranja u kontroliranoj atmosferi,<\/li>\n<li>Mogu\u0107nost tiskanja, <\/li>\n<li>Mogu\u0107nost perforiranja vre\u0107ice za lak\u0161e otvaranje, <\/li>\n<li>Mogu\u0107nost odstranjivanja vi\u0161ka materijala iznad vara.<\/li>\n<\/ul>\n<p>[\/et_pb_text][\/et_pb_column][et_pb_column type=&#8221;1_3&#8243; module_class=&#8221;ds-vertical-align&#8221; _builder_version=&#8221;4.4.2&#8243; custom_padding=&#8221;|||&#8221; custom_padding__hover=&#8221;|||&#8221;][et_pb_image src=&#8221;https:\/\/www.logopak.si\/wp-content\/uploads\/niverplast4-1.jpg&#8221; title_text=&#8221;niverplast4&#8243; align=&#8221;center&#8221; _builder_version=&#8221;4.4.8&#8243;][\/et_pb_image][\/et_pb_column][\/et_pb_row][\/et_pb_section]<\/p>\n","protected":false},"excerpt":{"rendered":"<p>STROJ ZA ZAVARIVANJE VRE\u0106ICA VARIOSEAL Do 12 kartona ili sanduka na minutu, Dodavanje, mijenjanje i spremanje programa za razli\u010dite vre\u0107ice, Neprekinut rad, Kompaktna konstrukcija, Lijeva ili desna izvedba stroja, HD vizualizacija gre\u0161ki i funkcija stroja na panelu, Pouzdan stroj s niskim operativnim tro\u0161kovima, Samostalni ili linijski rad stroja, Izrada na zahtjev (\u201ecustom made\u201c), Mogu\u0107nost presavijanja [&hellip;]<\/p>\n","protected":false},"author":1,"featured_media":0,"parent":1188,"menu_order":0,"comment_status":"closed","ping_status":"closed","template":"","meta":{"_seopress_robots_primary_cat":"","_seopress_titles_title":"","_seopress_titles_desc":"","_seopress_robots_index":"","_et_pb_use_builder":"on","_et_pb_old_content":"","_et_gb_content_width":"","footnotes":""},"class_list":["post-1204","page","type-page","status-publish","hentry"],"_links":{"self":[{"href":"https:\/\/www.logopak.si\/hr\/wp-json\/wp\/v2\/pages\/1204","targetHints":{"allow":["GET"]}}],"collection":[{"href":"https:\/\/www.logopak.si\/hr\/wp-json\/wp\/v2\/pages"}],"about":[{"href":"https:\/\/www.logopak.si\/hr\/wp-json\/wp\/v2\/types\/page"}],"author":[{"embeddable":true,"href":"https:\/\/www.logopak.si\/hr\/wp-json\/wp\/v2\/users\/1"}],"replies":[{"embeddable":true,"href":"https:\/\/www.logopak.si\/hr\/wp-json\/wp\/v2\/comments?post=1204"}],"version-history":[{"count":2,"href":"https:\/\/www.logopak.si\/hr\/wp-json\/wp\/v2\/pages\/1204\/revisions"}],"predecessor-version":[{"id":1207,"href":"https:\/\/www.logopak.si\/hr\/wp-json\/wp\/v2\/pages\/1204\/revisions\/1207"}],"up":[{"embeddable":true,"href":"https:\/\/www.logopak.si\/hr\/wp-json\/wp\/v2\/pages\/1188"}],"wp:attachment":[{"href":"https:\/\/www.logopak.si\/hr\/wp-json\/wp\/v2\/media?parent=1204"}],"curies":[{"name":"wp","href":"https:\/\/api.w.org\/{rel}","templated":true}]}}