{"id":1200,"date":"2020-07-27T12:13:59","date_gmt":"2020-07-27T10:13:59","guid":{"rendered":"https:\/\/www.logopak.si\/?page_id=1200"},"modified":"2020-07-27T12:16:04","modified_gmt":"2020-07-27T10:16:04","slug":"sustavi-za-brojanje","status":"publish","type":"page","link":"https:\/\/www.logopak.si\/hr\/prodajni-program\/automatske-pakirne-linije\/sustavi-za-brojanje\/","title":{"rendered":"Sustavi za brojanje"},"content":{"rendered":"<p>[et_pb_section fb_built=&#8221;1&#8243; _builder_version=&#8221;4.4.1&#8243; use_background_color_gradient=&#8221;on&#8221; background_color_gradient_start=&#8221;#eeeeee&#8221; background_color_gradient_end=&#8221;#ffffff&#8221; background_image=&#8221;https:\/\/www.logopak.si\/wp-content\/uploads\/title-back32.png&#8221; background_size=&#8221;contain&#8221; background_position=&#8221;top_right&#8221; custom_padding=&#8221;||45px|||&#8221; saved_tabs=&#8221;all&#8221;][et_pb_row column_structure=&#8221;3_5,2_5&#8243; _builder_version=&#8221;4.4.1&#8243; custom_padding=&#8221;49px||0px||false|false&#8221;][et_pb_column type=&#8221;3_5&#8243; _builder_version=&#8221;4.4.1&#8243;][et_pb_post_title meta=&#8221;off&#8221; featured_image=&#8221;off&#8221; _builder_version=&#8221;4.4.1&#8243; title_font_size=&#8221;32px&#8221; custom_margin=&#8221;||7px||false|false&#8221;][\/et_pb_post_title][et_pb_divider divider_weight=&#8221;4px&#8221; _builder_version=&#8221;4.4.1&#8243; width=&#8221;100px&#8221; custom_margin=&#8221;||0px||false|false&#8221; animation_style=&#8221;slide&#8221; animation_direction=&#8221;right&#8221; animation_intensity_slide=&#8221;39%&#8221;][\/et_pb_divider][et_pb_image src=&#8221;https:\/\/www.logopak.si\/wp-content\/uploads\/niverplast-logo-1.png&#8221; url=&#8221;https:\/\/niverplast.com\/&#8221; url_new_window=&#8221;on&#8221; _builder_version=&#8221;4.4.2&#8243;][\/et_pb_image][\/et_pb_column][et_pb_column type=&#8221;2_5&#8243; _builder_version=&#8221;4.4.1&#8243;][\/et_pb_column][\/et_pb_row][\/et_pb_section][et_pb_section fb_built=&#8221;1&#8243; _builder_version=&#8221;4.4.1&#8243; custom_padding=&#8221;19px||22px||false|false&#8221;][et_pb_row column_structure=&#8221;2_3,1_3&#8243; make_equal=&#8221;on&#8221; admin_label=&#8221;row&#8221; _builder_version=&#8221;4.4.2&#8243; background_enable_image=&#8221;off&#8221; background_size=&#8221;initial&#8221; custom_padding=&#8221;17px||17px||true|false&#8221; border_width_bottom=&#8221;1px&#8221; border_color_bottom=&#8221;#dddddd&#8221;][et_pb_column type=&#8221;2_3&#8243; module_class=&#8221;ds-vertical-align&#8221; _builder_version=&#8221;4.4.2&#8243; custom_padding=&#8221;|||&#8221; custom_padding__hover=&#8221;|||&#8221;][et_pb_text _builder_version=&#8221;4.4.8&#8243; hover_enabled=&#8221;0&#8243;]<\/p>\n<h2>KAMERA BROJA\u010c SPEEDBATCHER<\/h2>\n<ul>\n<li>Jednostavno pode\u0161avanje broja proizvoda po paketu,<\/li>\n<li>Do 6 kanala, svaki sa svojim proizvodom,<\/li>\n<li>Kamera broja\u010d je povezan s modulom za pakete (Niverplast software),<\/li>\n<li>Razvijeno za za\u0161titu Va\u0161ih proizvoda,<\/li>\n<li>Jednostavno uno\u0161enje novih proizvoda u sustav,<\/li>\n<li>Upravljanje preko zaslona na dodir,<\/li>\n<li>Optimalna preciznost paketa preko Niverplast algoritma,<\/li>\n<li>Mogu\u0107nost poliuretanskih traka,<\/li>\n<li>Kompatibilnost s prakti\u010dki svim pakirnim ure\u0111ajima koji postoje na tr\u017ei\u0161tu,<\/li>\n<li>Istovremena sposobnost poslu\u017eivanja 3 pakirnih strojeva i dodatno \u010detvrtog kao rezervu, <\/li>\n<li>Kapacitet do 120.000 proizvoda na sat, <\/li>\n<li>Jednostavan pristup za odr\u017eavanje i \u010di\u0161\u0107enje.<\/li>\n<\/ul>\n<p>[\/et_pb_text][\/et_pb_column][et_pb_column type=&#8221;1_3&#8243; module_class=&#8221;ds-vertical-align&#8221; _builder_version=&#8221;4.4.2&#8243; custom_padding=&#8221;|||&#8221; custom_padding__hover=&#8221;|||&#8221;][et_pb_image src=&#8221;https:\/\/www.logopak.si\/wp-content\/uploads\/niverplast5-1.jpg&#8221; title_text=&#8221;niverplast5&#8243; _builder_version=&#8221;4.4.8&#8243;][\/et_pb_image][\/et_pb_column][\/et_pb_row][et_pb_row column_structure=&#8221;2_3,1_3&#8243; make_equal=&#8221;on&#8221; admin_label=&#8221;row&#8221; _builder_version=&#8221;4.4.2&#8243; background_enable_image=&#8221;off&#8221; background_size=&#8221;initial&#8221; custom_padding=&#8221;39px||27px||false|false&#8221;][et_pb_column type=&#8221;2_3&#8243; module_class=&#8221;ds-vertical-align&#8221; _builder_version=&#8221;4.4.2&#8243; custom_padding=&#8221;|||&#8221; custom_padding__hover=&#8221;|||&#8221;][et_pb_text _builder_version=&#8221;4.4.8&#8243; hover_enabled=&#8221;0&#8243;]<\/p>\n<h2>KANALNI BROJA\u010c<\/h2>\n<ul>\n<li>Vrlo nisko tro\u0161enje dijelova i minimalno odr\u017eavanje, <\/li>\n<li>Sinkronizacija s gotovo svim pakirnim strojevima, <\/li>\n<li>Komponente koje su u kontaktu s proizvodima izra\u0111ene su od nehr\u0111aju\u0107eg \u010delika ili plastike koja je prikladna za \u017eive\u017ene namirnice,<\/li>\n<li>Mogu\u0107nost izvedbe s 2, 4, 6 i 8 kanala Svaki kanal je opremljen slobodnim ekscentri\u010dnim pogonom, <\/li>\n<li>Lagan i jednostavan rad,<\/li>\n<li>Zaslon na dodir daje operateru sve potrebne informacije.<\/li>\n<\/ul>\n<p>[\/et_pb_text][\/et_pb_column][et_pb_column type=&#8221;1_3&#8243; module_class=&#8221;ds-vertical-align&#8221; _builder_version=&#8221;4.4.2&#8243; custom_padding=&#8221;|||&#8221; custom_padding__hover=&#8221;|||&#8221;][et_pb_image src=&#8221;https:\/\/www.logopak.si\/wp-content\/uploads\/niverplast6-1.jpg&#8221; title_text=&#8221;niverplast6&#8243; _builder_version=&#8221;4.4.8&#8243;][\/et_pb_image][\/et_pb_column][\/et_pb_row][\/et_pb_section]<\/p>\n","protected":false},"excerpt":{"rendered":"<p>KAMERA BROJA\u010c SPEEDBATCHER Jednostavno pode\u0161avanje broja proizvoda po paketu, Do 6 kanala, svaki sa svojim proizvodom, Kamera broja\u010d je povezan s modulom za pakete (Niverplast software), Razvijeno za za\u0161titu Va\u0161ih proizvoda, Jednostavno uno\u0161enje novih proizvoda u sustav, Upravljanje preko zaslona na dodir, Optimalna preciznost paketa preko Niverplast algoritma, Mogu\u0107nost poliuretanskih traka, Kompatibilnost s prakti\u010dki svim [&hellip;]<\/p>\n","protected":false},"author":1,"featured_media":0,"parent":1188,"menu_order":0,"comment_status":"closed","ping_status":"closed","template":"","meta":{"_seopress_robots_primary_cat":"","_seopress_titles_title":"","_seopress_titles_desc":"","_seopress_robots_index":"","_et_pb_use_builder":"on","_et_pb_old_content":"","_et_gb_content_width":"","footnotes":""},"class_list":["post-1200","page","type-page","status-publish","hentry"],"_links":{"self":[{"href":"https:\/\/www.logopak.si\/hr\/wp-json\/wp\/v2\/pages\/1200","targetHints":{"allow":["GET"]}}],"collection":[{"href":"https:\/\/www.logopak.si\/hr\/wp-json\/wp\/v2\/pages"}],"about":[{"href":"https:\/\/www.logopak.si\/hr\/wp-json\/wp\/v2\/types\/page"}],"author":[{"embeddable":true,"href":"https:\/\/www.logopak.si\/hr\/wp-json\/wp\/v2\/users\/1"}],"replies":[{"embeddable":true,"href":"https:\/\/www.logopak.si\/hr\/wp-json\/wp\/v2\/comments?post=1200"}],"version-history":[{"count":2,"href":"https:\/\/www.logopak.si\/hr\/wp-json\/wp\/v2\/pages\/1200\/revisions"}],"predecessor-version":[{"id":1203,"href":"https:\/\/www.logopak.si\/hr\/wp-json\/wp\/v2\/pages\/1200\/revisions\/1203"}],"up":[{"embeddable":true,"href":"https:\/\/www.logopak.si\/hr\/wp-json\/wp\/v2\/pages\/1188"}],"wp:attachment":[{"href":"https:\/\/www.logopak.si\/hr\/wp-json\/wp\/v2\/media?parent=1200"}],"curies":[{"name":"wp","href":"https:\/\/api.w.org\/{rel}","templated":true}]}}